{"id":1109,"date":"2023-08-17T14:20:48","date_gmt":"2023-08-17T11:20:48","guid":{"rendered":"https:\/\/mosaic.ee\/?page_id=1109"},"modified":"2024-10-24T12:40:12","modified_gmt":"2024-10-24T09:40:12","slug":"telg","status":"publish","type":"page","link":"https:\/\/mosaic.ee\/et\/axis\/","title":{"rendered":"Telg"},"content":{"rendered":"<div data-elementor-type=\"wp-page\" data-elementor-id=\"1109\" class=\"elementor elementor-1109\" data-elementor-post-type=\"page\">\n\t\t\t\t\t\t<section class=\"elementor-section elementor-top-section elementor-element elementor-element-1123a27a elementor-section-boxed elementor-section-height-default elementor-section-height-default\" data-id=\"1123a27a\" data-element_type=\"section\" data-e-type=\"section\">\n\t\t\t\t\t\t<div class=\"elementor-container elementor-column-gap-default\">\n\t\t\t\t\t<div class=\"elementor-column elementor-col-100 elementor-top-column elementor-element elementor-element-71d1c5a4\" data-id=\"71d1c5a4\" data-element_type=\"column\" data-e-type=\"column\">\n\t\t\t<div class=\"elementor-widget-wrap elementor-element-populated\">\n\t\t\t\t\t\t<div class=\"elementor-element elementor-element-7d92a0b7 elementor-widget elementor-widget-heading\" data-id=\"7d92a0b7\" data-element_type=\"widget\" data-e-type=\"widget\" data-widget_type=\"heading.default\">\n\t\t\t\t\t<h2 class=\"elementor-heading-title elementor-size-xl\">Axis Communications on \u00fclemaailmne liider v\u00f5rguvideovalve lahenduste valdkonnas.<\/h2>\t\t\t\t<\/div>\n\t\t\t\t\t<\/div>\n\t\t<\/div>\n\t\t\t\t\t<\/div>\n\t\t<\/section>\n\t\t<div class=\"elementor-element elementor-element-7bb7f4f0 e-flex e-con-boxed e-con e-parent\" data-id=\"7bb7f4f0\" data-element_type=\"container\" data-e-type=\"container\">\n\t\t\t\t\t<div class=\"e-con-inner\">\n\t\t\t\t<div class=\"elementor-element elementor-element-379fd3a elementor-widget elementor-widget-image\" data-id=\"379fd3a\" data-element_type=\"widget\" data-e-type=\"widget\" data-widget_type=\"image.default\">\n\t\t\t\t\t\t\t\t\t\t\t\t\t\t\t<img fetchpriority=\"high\" decoding=\"async\" width=\"800\" height=\"611\" src=\"https:\/\/mosaic.ee\/wp-content\/uploads\/2023\/08\/vectorstock_38472458-1024x782.png\" class=\"attachment-large size-large wp-image-1113\" alt=\"Axis turvakaamera\" srcset=\"https:\/\/mosaic.ee\/wp-content\/uploads\/2023\/08\/vectorstock_38472458-1024x782.png 1024w, https:\/\/mosaic.ee\/wp-content\/uploads\/2023\/08\/vectorstock_38472458-300x229.png 300w, https:\/\/mosaic.ee\/wp-content\/uploads\/2023\/08\/vectorstock_38472458-768x586.png 768w, https:\/\/mosaic.ee\/wp-content\/uploads\/2023\/08\/vectorstock_38472458-1536x1173.png 1536w, https:\/\/mosaic.ee\/wp-content\/uploads\/2023\/08\/vectorstock_38472458-2048x1564.png 2048w, https:\/\/mosaic.ee\/wp-content\/uploads\/2023\/08\/vectorstock_38472458-16x12.png 16w\" sizes=\"(max-width: 800px) 100vw, 800px\" \/>\t\t\t\t\t\t\t\t\t\t\t\t\t\t\t<\/div>\n\t\t\t\t\t<\/div>\n\t\t\t\t<\/div>\n\t\t<div class=\"elementor-element elementor-element-3aaacceb e-flex e-con-boxed e-con e-parent\" data-id=\"3aaacceb\" data-element_type=\"container\" data-e-type=\"container\">\n\t\t\t\t\t<div class=\"e-con-inner\">\n\t\t\t\t<div class=\"elementor-element elementor-element-7a877c32 elementor-widget elementor-widget-heading\" data-id=\"7a877c32\" data-element_type=\"widget\" data-e-type=\"widget\" data-widget_type=\"heading.default\">\n\t\t\t\t\t<h2 class=\"elementor-heading-title elementor-size-large\">Miks Axis Communications Solutions?<\/h2>\t\t\t\t<\/div>\n\t\t\t\t\t<\/div>\n\t\t\t\t<\/div>\n\t\t<div class=\"elementor-element elementor-element-27a40caf e-flex e-con-boxed e-con e-parent\" data-id=\"27a40caf\" data-element_type=\"container\" data-e-type=\"container\">\n\t\t\t\t\t<div class=\"e-con-inner\">\n\t\t\t\t<div class=\"elementor-element elementor-element-6a455937 elementor-widget elementor-widget-text-editor\" data-id=\"6a455937\" data-element_type=\"widget\" data-e-type=\"widget\" data-widget_type=\"text-editor.default\">\n\t\t\t\t\t\t\t\t\t<div><p><span lang=\"EN-GB\"><span style=\"color: #3366ff;\"><a style=\"color: #3366ff;\" href=\"https:\/\/www.axis.com\" target=\"_blank\" rel=\"noopener\">Axis Communications<\/a><\/span> on \u00fclemaailmne liider v\u00f5rguvideovalve lahenduste valdkonnas, pakkudes kvaliteetseid kaameraid ja videohaldustarkvara igas suuruses ettev\u00f5tetele ja organisatsioonidele. Axis Communicationsil on \u00fcle 30 aasta kogemust selles valdkonnas, ja ta on p\u00fchendunud tipptasemel tehnoloogia ja erakordse klienditeeninduse pakkumisele.<\/span><\/p><\/div><div><p><span lang=\"EN-GB\">Siin on m\u00f5ned peamised omadused ja eelised <span style=\"color: #3366ff;\"><a style=\"color: #3366ff;\" href=\"https:\/\/www.axis.com\" target=\"_blank\" rel=\"noopener\">Axis Communications<\/a><\/span> tooted:<\/span><\/p><\/div><div><ol><li><span lang=\"EN-GB\">Kvaliteetne video: Axis kaamerad pakuvad kvaliteetset videomaterjali ka h\u00e4marates tingimustes. T\u00e4nu t\u00e4iustatud funktsioonidele, nagu Wide Dynamic Range (WDR) ja Lightfinder-tehnoloogia, j\u00e4\u00e4dvustavad Axis'i kaamerad selge ja \u00fcksikasjaliku video, mida saab kasutada mitmesugustel eesm\u00e4rkidel, sealhulgas turvalisuse, j\u00e4relevalve ja anal\u00fc\u00fcsi eesm\u00e4rgil.<\/span><\/li><li>Lihtne paigaldada ja kasutada: Lihtne ja intuitiivne kasutajaliides, mis n\u00f5uab minimaalset v\u00e4lja\u00f5pet, on loodud nii, et seda on lihtne paigaldada ja kasutada. Kaugjuurdep\u00e4\u00e4su ja haldusv\u00f5imaluste abil saate j\u00e4lgida oma kaameraid ja videovooge \u00fcksk\u00f5ik kust ja igal ajal.<\/li><li>Skaleeritavad lahendused: Axis pakub erinevaid kaameraid ja videohaldustarkvara, mis sobivad igas suuruses ettev\u00f5tete ja organisatsioonide vajadustele. T\u00e4nu paindlikele kasutuselev\u00f5tuv\u00f5imalustele saate valida teie vajadustele k\u00f5ige paremini vastava lahenduse, olgu see siis eraldiseisev kaamera v\u00f5i t\u00e4ielik videohalduss\u00fcsteem.<\/li><\/ol><\/div>\t\t\t\t\t\t\t\t<\/div>\n\t\t\t\t\t<\/div>\n\t\t\t\t<\/div>\n\t\t\t\t<section class=\"elementor-section elementor-top-section elementor-element elementor-element-79afc45b elementor-section-boxed elementor-section-height-default elementor-section-height-default\" data-id=\"79afc45b\" data-element_type=\"section\" data-e-type=\"section\">\n\t\t\t\t\t\t<div class=\"elementor-container elementor-column-gap-default\">\n\t\t\t\t\t<div class=\"elementor-column elementor-col-50 elementor-top-column elementor-element elementor-element-6d2e49bb\" data-id=\"6d2e49bb\" data-element_type=\"column\" data-e-type=\"column\">\n\t\t\t<div class=\"elementor-widget-wrap\">\n\t\t\t\t\t\t\t<\/div>\n\t\t<\/div>\n\t\t\t\t<div class=\"elementor-column elementor-col-50 elementor-top-column elementor-element elementor-element-2019bf27\" data-id=\"2019bf27\" data-element_type=\"column\" data-e-type=\"column\">\n\t\t\t<div class=\"elementor-widget-wrap elementor-element-populated\">\n\t\t\t\t\t\t<div class=\"elementor-element elementor-element-a663d98 elementor-widget elementor-widget-image\" data-id=\"a663d98\" data-element_type=\"widget\" data-e-type=\"widget\" data-widget_type=\"image.default\">\n\t\t\t\t\t\t\t\t\t\t\t\t\t\t\t\t<a href=\"https:\/\/www.axis.com\" target=\"_blank\" rel=\"noopener\">\n\t\t\t\t\t\t\t<img decoding=\"async\" width=\"200\" height=\"200\" src=\"https:\/\/mosaic.ee\/wp-content\/uploads\/2024\/10\/AxisCommunications-logo.jpeg\" class=\"attachment-medium size-medium wp-image-3972\" alt=\"\" srcset=\"https:\/\/mosaic.ee\/wp-content\/uploads\/2024\/10\/AxisCommunications-logo.jpeg 200w, https:\/\/mosaic.ee\/wp-content\/uploads\/2024\/10\/AxisCommunications-logo-150x150.jpeg 150w, https:\/\/mosaic.ee\/wp-content\/uploads\/2024\/10\/AxisCommunications-logo-12x12.jpeg 12w\" sizes=\"(max-width: 200px) 100vw, 200px\" \/>\t\t\t\t\t\t\t\t<\/a>\n\t\t\t\t\t\t\t\t\t\t\t\t\t\t\t<\/div>\n\t\t\t\t\t<\/div>\n\t\t<\/div>\n\t\t\t\t\t<\/div>\n\t\t<\/section>\n\t\t<div class=\"elementor-element elementor-element-627d7e62 e-flex e-con-boxed e-con e-parent\" data-id=\"627d7e62\" data-element_type=\"container\" data-e-type=\"container\">\n\t\t\t\t\t<div class=\"e-con-inner\">\n\t\t\t\t<div class=\"elementor-element elementor-element-702c3df elementor-widget elementor-widget-heading\" data-id=\"702c3df\" data-element_type=\"widget\" data-e-type=\"widget\" data-widget_type=\"heading.default\">\n\t\t\t\t\t<h2 class=\"elementor-heading-title elementor-size-large\">Miks osta Axis Communications Mosaicilt?<\/h2>\t\t\t\t<\/div>\n\t\t\t\t\t<\/div>\n\t\t\t\t<\/div>\n\t\t<div class=\"elementor-element elementor-element-107b1f88 e-flex e-con-boxed e-con e-parent\" data-id=\"107b1f88\" data-element_type=\"container\" data-e-type=\"container\">\n\t\t\t\t\t<div class=\"e-con-inner\">\n\t\t\t\t<div class=\"elementor-element elementor-element-7972722 elementor-widget elementor-widget-text-editor\" data-id=\"7972722\" data-element_type=\"widget\" data-e-type=\"widget\" data-widget_type=\"text-editor.default\">\n\t\t\t\t\t\t\t\t\t<div><p><span lang=\"EN-GB\">Axis Communications on \u00fclemaailmne liider v\u00f5rguvideovalve lahenduste valdkonnas ning pakub erinevaid tooteid ja teenuseid, mis aitavad ettev\u00f5tetel ja organisatsioonidel kaitsta oma vara ja optimeerida oma tegevust. Axis Communications on keskendunud uuendustele ja klienditeenindusele ning pakub oma klientidele tipptasemel tehnoloogiat ja erakordset tuge.<\/span><\/p><\/div><div><p><span lang=\"EN-GB\">Mosaic on uhke, et on Axis Communications'i toodete volitatud edasim\u00fc\u00fcja. Meie ekspertide meeskond aitab teil valida teie ettev\u00f5ttele sobivad kaamerad ja videohaldustarkvara ning pakub tuge ja juhiseid kogu paigaldus- ja kasutuselev\u00f5tuprotsessi jooksul. V\u00f5tke meiega juba t\u00e4na \u00fchendust, et saada rohkem teavet meie Axis Communications'i lahenduste kohta ja selle kohta, kuidas me saame aidata teil suurendada oma valvev\u00f5imalusi.<\/span><\/p><\/div>\t\t\t\t\t\t\t\t<\/div>\n\t\t\t\t\t<\/div>\n\t\t\t\t<\/div>\n\t\t\t\t<section class=\"elementor-section elementor-top-section elementor-element elementor-element-3c69bc7c elementor-section-boxed elementor-section-height-default elementor-section-height-default\" data-id=\"3c69bc7c\" data-element_type=\"section\" data-e-type=\"section\">\n\t\t\t\t\t\t<div class=\"elementor-container elementor-column-gap-default\">\n\t\t\t\t\t<div class=\"elementor-column elementor-col-50 elementor-top-column elementor-element elementor-element-30a412ed\" data-id=\"30a412ed\" data-element_type=\"column\" data-e-type=\"column\">\n\t\t\t<div class=\"elementor-widget-wrap\">\n\t\t\t\t\t\t\t<\/div>\n\t\t<\/div>\n\t\t\t\t<div class=\"elementor-column elementor-col-50 elementor-top-column elementor-element elementor-element-3dbbac4d\" data-id=\"3dbbac4d\" data-element_type=\"column\" data-e-type=\"column\">\n\t\t\t<div class=\"elementor-widget-wrap elementor-element-populated\">\n\t\t\t\t\t\t<div class=\"elementor-element elementor-element-1978f5bb elementor-widget elementor-widget-image\" data-id=\"1978f5bb\" data-element_type=\"widget\" data-e-type=\"widget\" data-widget_type=\"image.default\">\n\t\t\t\t\t\t\t\t\t\t\t\t\t\t\t\t<a href=\"https:\/\/www.axis.com\" target=\"_blank\" rel=\"noopener\">\n\t\t\t\t\t\t\t<img decoding=\"async\" width=\"500\" height=\"325\" src=\"https:\/\/mosaic.ee\/wp-content\/uploads\/2023\/07\/logo_axis_cpp_authorized_rgb_low.jpg\" class=\"attachment-large size-large wp-image-387\" alt=\"\" srcset=\"https:\/\/mosaic.ee\/wp-content\/uploads\/2023\/07\/logo_axis_cpp_authorized_rgb_low.jpg 500w, https:\/\/mosaic.ee\/wp-content\/uploads\/2023\/07\/logo_axis_cpp_authorized_rgb_low-300x195.jpg 300w\" sizes=\"(max-width: 500px) 100vw, 500px\" \/>\t\t\t\t\t\t\t\t<\/a>\n\t\t\t\t\t\t\t\t\t\t\t\t\t\t\t<\/div>\n\t\t\t\t\t<\/div>\n\t\t<\/div>\n\t\t\t\t\t<\/div>\n\t\t<\/section>\n\t\t\t\t<\/div>","protected":false},"excerpt":{"rendered":"<p>Axis Communications is a global leader in network video surveillance solutions Why Axis Communications Solutions? Axis Communications is a global leader in network video surveillance solutions, providing a range of high-quality cameras and video management software for businesses and organizations of all sizes. With over 30 years of experience in the industry, Axis Communications is [&hellip;]<\/p>\n","protected":false},"author":1,"featured_media":0,"parent":0,"menu_order":0,"comment_status":"closed","ping_status":"closed","template":"","meta":{"content-type":"","footnotes":""},"class_list":["post-1109","page","type-page","status-publish","hentry"],"_links":{"self":[{"href":"https:\/\/mosaic.ee\/et\/wp-json\/wp\/v2\/pages\/1109","targetHints":{"allow":["GET"]}}],"collection":[{"href":"https:\/\/mosaic.ee\/et\/wp-json\/wp\/v2\/pages"}],"about":[{"href":"https:\/\/mosaic.ee\/et\/wp-json\/wp\/v2\/types\/page"}],"author":[{"embeddable":true,"href":"https:\/\/mosaic.ee\/et\/wp-json\/wp\/v2\/users\/1"}],"replies":[{"embeddable":true,"href":"https:\/\/mosaic.ee\/et\/wp-json\/wp\/v2\/comments?post=1109"}],"version-history":[{"count":19,"href":"https:\/\/mosaic.ee\/et\/wp-json\/wp\/v2\/pages\/1109\/revisions"}],"predecessor-version":[{"id":3975,"href":"https:\/\/mosaic.ee\/et\/wp-json\/wp\/v2\/pages\/1109\/revisions\/3975"}],"wp:attachment":[{"href":"https:\/\/mosaic.ee\/et\/wp-json\/wp\/v2\/media?parent=1109"}],"curies":[{"name":"wp","href":"https:\/\/api.w.org\/{rel}","templated":true}]}}