{"id":1092,"date":"2023-08-17T14:10:28","date_gmt":"2023-08-17T11:10:28","guid":{"rendered":"https:\/\/mosaic.ee\/?page_id=1092"},"modified":"2024-05-30T12:02:55","modified_gmt":"2024-05-30T09:02:55","slug":"airtame","status":"publish","type":"page","link":"https:\/\/mosaic.ee\/et\/airtame\/","title":{"rendered":"Airtame"},"content":{"rendered":"<div data-elementor-type=\"wp-page\" data-elementor-id=\"1092\" class=\"elementor elementor-1092\" data-elementor-post-type=\"page\">\n\t\t\t\t\t\t<section class=\"elementor-section elementor-top-section elementor-element elementor-element-10c3720e elementor-section-boxed elementor-section-height-default elementor-section-height-default\" data-id=\"10c3720e\" data-element_type=\"section\" data-e-type=\"section\">\n\t\t\t\t\t\t<div class=\"elementor-container elementor-column-gap-default\">\n\t\t\t\t\t<div class=\"elementor-column elementor-col-100 elementor-top-column elementor-element elementor-element-2b8e68a8\" data-id=\"2b8e68a8\" data-element_type=\"column\" data-e-type=\"column\">\n\t\t\t<div class=\"elementor-widget-wrap elementor-element-populated\">\n\t\t\t\t\t\t<div class=\"elementor-element elementor-element-4fd67629 elementor-widget elementor-widget-heading\" data-id=\"4fd67629\" data-element_type=\"widget\" data-e-type=\"widget\" data-widget_type=\"heading.default\">\n\t\t\t\t\t<h2 class=\"elementor-heading-title elementor-size-xl\">Lihtsustage oma esitlusi ja koost\u00f6\u00f6d Mosaic'i Airtame'i lahendustega <\/h2>\t\t\t\t<\/div>\n\t\t\t\t\t<\/div>\n\t\t<\/div>\n\t\t\t\t\t<\/div>\n\t\t<\/section>\n\t\t<div class=\"elementor-element elementor-element-3b7e81d4 e-flex e-con-boxed e-con e-parent\" data-id=\"3b7e81d4\" data-element_type=\"container\" data-e-type=\"container\">\n\t\t\t\t\t<div class=\"e-con-inner\">\n\t\t\t\t<div class=\"elementor-element elementor-element-d70ca2b elementor-widget elementor-widget-image\" data-id=\"d70ca2b\" data-element_type=\"widget\" data-e-type=\"widget\" data-widget_type=\"image.default\">\n\t\t\t\t\t\t\t\t\t\t\t\t\t\t\t<img fetchpriority=\"high\" decoding=\"async\" width=\"768\" height=\"364\" src=\"https:\/\/mosaic.ee\/wp-content\/uploads\/2023\/08\/vectorstock_32262525_transparent-768x364.png\" class=\"attachment-medium_large size-medium_large wp-image-1096\" alt=\"Inimesed arutavad teemasid t\u00f6\u00f6keskkonnas\" srcset=\"https:\/\/mosaic.ee\/wp-content\/uploads\/2023\/08\/vectorstock_32262525_transparent-768x364.png 768w, https:\/\/mosaic.ee\/wp-content\/uploads\/2023\/08\/vectorstock_32262525_transparent-300x142.png 300w, https:\/\/mosaic.ee\/wp-content\/uploads\/2023\/08\/vectorstock_32262525_transparent-1024x485.png 1024w, https:\/\/mosaic.ee\/wp-content\/uploads\/2023\/08\/vectorstock_32262525_transparent-1536x728.png 1536w, https:\/\/mosaic.ee\/wp-content\/uploads\/2023\/08\/vectorstock_32262525_transparent-2048x970.png 2048w, https:\/\/mosaic.ee\/wp-content\/uploads\/2023\/08\/vectorstock_32262525_transparent-18x9.png 18w\" sizes=\"(max-width: 768px) 100vw, 768px\" \/>\t\t\t\t\t\t\t\t\t\t\t\t\t\t\t<\/div>\n\t\t\t\t\t<\/div>\n\t\t\t\t<\/div>\n\t\t<div class=\"elementor-element elementor-element-3ffe606f e-flex e-con-boxed e-con e-parent\" data-id=\"3ffe606f\" data-element_type=\"container\" data-e-type=\"container\">\n\t\t\t\t\t<div class=\"e-con-inner\">\n\t\t\t\t<div class=\"elementor-element elementor-element-12f1586c elementor-widget elementor-widget-heading\" data-id=\"12f1586c\" data-element_type=\"widget\" data-e-type=\"widget\" data-widget_type=\"heading.default\">\n\t\t\t\t\t<h2 class=\"elementor-heading-title elementor-size-large\">Miks Airtame platvorm?<\/h2>\t\t\t\t<\/div>\n\t\t\t\t\t<\/div>\n\t\t\t\t<\/div>\n\t\t<div class=\"elementor-element elementor-element-2fb29f11 e-flex e-con-boxed e-con e-parent\" data-id=\"2fb29f11\" data-element_type=\"container\" data-e-type=\"container\">\n\t\t\t\t\t<div class=\"e-con-inner\">\n\t\t\t\t<div class=\"elementor-element elementor-element-593cd9e elementor-widget elementor-widget-text-editor\" data-id=\"593cd9e\" data-element_type=\"widget\" data-e-type=\"widget\" data-widget_type=\"text-editor.default\">\n\t\t\t\t\t\t\t\t\t<div><p><span lang=\"EN-GB\"><span style=\"color: #3366ff;\"><a style=\"color: #3366ff;\" href=\"https:\/\/airtame.com\" target=\"_blank\" rel=\"noopener\">Airtame<\/a><\/span> on v\u00f5imas traadita esitlus- ja koost\u00f6\u00f6platvorm, mis v\u00f5imaldab jagada sisu mis tahes seadmest mis tahes kuvarile ilma kaablite ja adapteriteta. Airtame abil saate oma esitlusi ja koosolekuid t\u00e4iustada, suurendada koost\u00f6\u00f6d ja suurendada tootlikkust.<\/span><\/p><\/div><div><p><span lang=\"EN-GB\">Siin on kolm peamist kasu <span style=\"color: #3366ff;\"><a style=\"color: #3366ff;\" href=\"https:\/\/airtame.com\" target=\"_blank\" rel=\"noopener\">Airtame<\/a><\/span> lahendused:<\/span><\/p><\/div><div><ol><li><span lang=\"EN-GB\">Traadita esitlused: Airtame teeb esitluste ja sisu juhtmevaba jagamise lihtsaks mis tahes seadmest, sealhulgas s\u00fclearvutitest, tahvelarvutitest ja nutitelefonidest. T\u00e4nu mitme kasutaja ja seadme toetusele saate sujuvalt esitajate vahel vahetada ja hoida oma publikut kaasatuna. <\/span><\/li><li><span lang=\"EN-GB\">Tsentraliseeritud juhtimine: Airtame pakub tsentraliseeritud halduss\u00fcsteemi, mis v\u00f5imaldab teil juhtida ja j\u00e4lgida k\u00f5iki seadmeid \u00fchest kohast. Airtame pilveplatvormi abil saate hallata k\u00f5iki oma Airtame seadmeid, kohandada seadeid ja j\u00e4lgida kasutusanal\u00fc\u00fcsi, et optimeerida oma t\u00f6\u00f6voogu. <\/span><\/li><li><span lang=\"EN-GB\">Turvaline ja usaldusv\u00e4\u00e4rne: Airtame on loodud turvalisust silmas pidades, kasutades selliseid funktsioone nagu paroolikaitse, seadme PIN-koodid ja kr\u00fcpteeritud voogedastus. T\u00e4nu usaldusv\u00e4\u00e4rsele traadita \u00fchendusele ja automaatsetele uuendustele v\u00f5ite usaldada Airtame'i, et teie esitlused ja koosolekud sujuvalt toimiksid.<\/span><\/li><\/ol><\/div>\t\t\t\t\t\t\t\t<\/div>\n\t\t\t\t\t<\/div>\n\t\t\t\t<\/div>\n\t\t\t\t<section class=\"elementor-section elementor-top-section elementor-element elementor-element-29106f1 elementor-section-boxed elementor-section-height-default elementor-section-height-default\" data-id=\"29106f1\" data-element_type=\"section\" data-e-type=\"section\">\n\t\t\t\t\t\t<div class=\"elementor-container elementor-column-gap-default\">\n\t\t\t\t\t<div class=\"elementor-column elementor-col-50 elementor-top-column elementor-element elementor-element-4e8a0c3d\" data-id=\"4e8a0c3d\" data-element_type=\"column\" data-e-type=\"column\">\n\t\t\t<div class=\"elementor-widget-wrap\">\n\t\t\t\t\t\t\t<\/div>\n\t\t<\/div>\n\t\t\t\t<div class=\"elementor-column elementor-col-50 elementor-top-column elementor-element elementor-element-4f24499f\" data-id=\"4f24499f\" data-element_type=\"column\" data-e-type=\"column\">\n\t\t\t<div class=\"elementor-widget-wrap elementor-element-populated\">\n\t\t\t\t\t\t<div class=\"elementor-element elementor-element-4fe140a8 elementor-widget elementor-widget-image\" data-id=\"4fe140a8\" data-element_type=\"widget\" data-e-type=\"widget\" data-widget_type=\"image.default\">\n\t\t\t\t\t\t\t\t\t\t\t\t\t\t\t\t<a href=\"https:\/\/airtame.com\" target=\"_blank\" rel=\"noopener\">\n\t\t\t\t\t\t\t<img decoding=\"async\" width=\"300\" height=\"52\" src=\"https:\/\/mosaic.ee\/wp-content\/uploads\/2023\/08\/Airtame-logo-inline-black-300x52.png\" class=\"attachment-medium size-medium wp-image-1095\" alt=\"\" srcset=\"https:\/\/mosaic.ee\/wp-content\/uploads\/2023\/08\/Airtame-logo-inline-black-300x52.png 300w, https:\/\/mosaic.ee\/wp-content\/uploads\/2023\/08\/Airtame-logo-inline-black-1024x179.png 1024w, https:\/\/mosaic.ee\/wp-content\/uploads\/2023\/08\/Airtame-logo-inline-black-768x134.png 768w, https:\/\/mosaic.ee\/wp-content\/uploads\/2023\/08\/Airtame-logo-inline-black-18x3.png 18w, https:\/\/mosaic.ee\/wp-content\/uploads\/2023\/08\/Airtame-logo-inline-black.png 1041w\" sizes=\"(max-width: 300px) 100vw, 300px\" \/>\t\t\t\t\t\t\t\t<\/a>\n\t\t\t\t\t\t\t\t\t\t\t\t\t\t\t<\/div>\n\t\t\t\t\t<\/div>\n\t\t<\/div>\n\t\t\t\t\t<\/div>\n\t\t<\/section>\n\t\t<div class=\"elementor-element elementor-element-5d15d699 e-flex e-con-boxed e-con e-parent\" data-id=\"5d15d699\" data-element_type=\"container\" data-e-type=\"container\">\n\t\t\t\t\t<div class=\"e-con-inner\">\n\t\t\t\t<div class=\"elementor-element elementor-element-4cca97a3 elementor-widget elementor-widget-heading\" data-id=\"4cca97a3\" data-element_type=\"widget\" data-e-type=\"widget\" data-widget_type=\"heading.default\">\n\t\t\t\t\t<h2 class=\"elementor-heading-title elementor-size-large\">Miks osta Airtame'i Mosaicilt?<\/h2>\t\t\t\t<\/div>\n\t\t\t\t\t<\/div>\n\t\t\t\t<\/div>\n\t\t<div class=\"elementor-element elementor-element-25b323f3 e-flex e-con-boxed e-con e-parent\" data-id=\"25b323f3\" data-element_type=\"container\" data-e-type=\"container\">\n\t\t\t\t\t<div class=\"e-con-inner\">\n\t\t\t\t<div class=\"elementor-element elementor-element-78b94a30 elementor-widget elementor-widget-text-editor\" data-id=\"78b94a30\" data-element_type=\"widget\" data-e-type=\"widget\" data-widget_type=\"text-editor.default\">\n\t\t\t\t\t\t\t\t\t<div><p><span lang=\"EN-GB\">Mosaic on Airtame'i lahenduste volitatud edasim\u00fc\u00fcja, kelle ekspertide meeskond on valmis aitama teil valida teie ettev\u00f5ttele sobivad Airtame'i tooted. Airtame'i partnerina on meil juurdep\u00e4\u00e4s uusimatele toodetele ja teenustele, mis tagab teile k\u00f5ige ajakohasemad lahendused.<\/span><\/p><\/div><div><p><span lang=\"EN-GB\">Pakume ka kiireid hinnapakkumiste koostamise ja tarnimise teenuseid, et saaksite Airtame lahendused oma organisatsioonis kiiresti kasutusele v\u00f5tta. Meie teadmised tarkvaralitsentside valdkonnas v\u00f5imaldavad meil pakkuda teie unikaalsetele \u00e4rivajadustele kohandatud lahendusi ning me oleme uhked, et pakume konkurentsiv\u00f5imelist hinda k\u00f5igile Airtame'i toodetele ja teenustele.<\/span><\/p><\/div><div><p><span lang=\"EN-GB\">Lisaks Airtame'ile pakume ka muid audiovisuaalseid ja koost\u00f6\u00f6lahendusi, sealhulgas projektoreid, kuvarid ja videokonverentsis\u00fcsteeme. Meie meeskond aitab teil kavandada ja rakendada kohandatud audiovisuaalset lahendust, mis vastab teie konkreetsetele vajadustele.<\/span><\/p><\/div><div><p><span lang=\"EN-GB\">V\u00f5tke meiega juba t\u00e4na \u00fchendust, et saada rohkem teavet meie Airtame-lahenduste kohta ja selle kohta, kuidas me saame aidata teil lihtsustada esitlusi ja koost\u00f6\u00f6d.<\/span><\/p><\/div>\t\t\t\t\t\t\t\t<\/div>\n\t\t\t\t\t<\/div>\n\t\t\t\t<\/div>\n\t\t\t\t<section class=\"elementor-section elementor-top-section elementor-element elementor-element-7d147c9f elementor-section-boxed elementor-section-height-default elementor-section-height-default\" data-id=\"7d147c9f\" data-element_type=\"section\" data-e-type=\"section\">\n\t\t\t\t\t\t<div class=\"elementor-container elementor-column-gap-default\">\n\t\t\t\t\t<div class=\"elementor-column elementor-col-50 elementor-top-column elementor-element elementor-element-568b92d7\" data-id=\"568b92d7\" data-element_type=\"column\" data-e-type=\"column\">\n\t\t\t<div class=\"elementor-widget-wrap\">\n\t\t\t\t\t\t\t<\/div>\n\t\t<\/div>\n\t\t\t\t<div class=\"elementor-column elementor-col-50 elementor-top-column elementor-element elementor-element-2df93694\" data-id=\"2df93694\" data-element_type=\"column\" data-e-type=\"column\">\n\t\t\t<div class=\"elementor-widget-wrap elementor-element-populated\">\n\t\t\t\t\t\t<div class=\"elementor-element elementor-element-6bd19e6c elementor-widget elementor-widget-image\" data-id=\"6bd19e6c\" data-element_type=\"widget\" data-e-type=\"widget\" data-widget_type=\"image.default\">\n\t\t\t\t\t\t\t\t\t\t\t\t\t\t\t\t<a href=\"https:\/\/airtame.com\" target=\"_blank\" rel=\"noopener\">\n\t\t\t\t\t\t\t<img decoding=\"async\" width=\"217\" height=\"218\" src=\"https:\/\/mosaic.ee\/wp-content\/uploads\/2023\/07\/Stacked-Minimized.png\" class=\"attachment-large size-large wp-image-395\" alt=\"\" srcset=\"https:\/\/mosaic.ee\/wp-content\/uploads\/2023\/07\/Stacked-Minimized.png 217w, https:\/\/mosaic.ee\/wp-content\/uploads\/2023\/07\/Stacked-Minimized-150x150.png 150w\" sizes=\"(max-width: 217px) 100vw, 217px\" \/>\t\t\t\t\t\t\t\t<\/a>\n\t\t\t\t\t\t\t\t\t\t\t\t\t\t\t<\/div>\n\t\t\t\t\t<\/div>\n\t\t<\/div>\n\t\t\t\t\t<\/div>\n\t\t<\/section>\n\t\t\t\t<\/div>","protected":false},"excerpt":{"rendered":"<p>Simplify Your Presentations and Collaboration with Airtame Solutions from Mosaic Why Airtame platform? Airtame is a powerful wireless presentation and collaboration platform that allows you to share content from any device to any display, without cables or adaptors. With Airtame, you can streamline your presentations and meetings, increase collaboration, and boost productivity. Here are three [&hellip;]<\/p>\n","protected":false},"author":1,"featured_media":0,"parent":0,"menu_order":0,"comment_status":"closed","ping_status":"closed","template":"","meta":{"content-type":"","footnotes":""},"class_list":["post-1092","page","type-page","status-publish","hentry"],"_links":{"self":[{"href":"https:\/\/mosaic.ee\/et\/wp-json\/wp\/v2\/pages\/1092","targetHints":{"allow":["GET"]}}],"collection":[{"href":"https:\/\/mosaic.ee\/et\/wp-json\/wp\/v2\/pages"}],"about":[{"href":"https:\/\/mosaic.ee\/et\/wp-json\/wp\/v2\/types\/page"}],"author":[{"embeddable":true,"href":"https:\/\/mosaic.ee\/et\/wp-json\/wp\/v2\/users\/1"}],"replies":[{"embeddable":true,"href":"https:\/\/mosaic.ee\/et\/wp-json\/wp\/v2\/comments?post=1092"}],"version-history":[{"count":13,"href":"https:\/\/mosaic.ee\/et\/wp-json\/wp\/v2\/pages\/1092\/revisions"}],"predecessor-version":[{"id":3380,"href":"https:\/\/mosaic.ee\/et\/wp-json\/wp\/v2\/pages\/1092\/revisions\/3380"}],"wp:attachment":[{"href":"https:\/\/mosaic.ee\/et\/wp-json\/wp\/v2\/media?parent=1092"}],"curies":[{"name":"wp","href":"https:\/\/api.w.org\/{rel}","templated":true}]}}