{"id":1062,"date":"2023-08-17T13:34:31","date_gmt":"2023-08-17T10:34:31","guid":{"rendered":"https:\/\/mosaic.ee\/?page_id=1062"},"modified":"2024-06-03T14:44:31","modified_gmt":"2024-06-03T11:44:31","slug":"samsung","status":"publish","type":"page","link":"https:\/\/mosaic.ee\/et\/samsung\/","title":{"rendered":"Samsung"},"content":{"rendered":"<div data-elementor-type=\"wp-page\" data-elementor-id=\"1062\" class=\"elementor elementor-1062\" data-elementor-post-type=\"page\">\n\t\t\t\t\t\t<section class=\"elementor-section elementor-top-section elementor-element elementor-element-24be38e4 elementor-section-boxed elementor-section-height-default elementor-section-height-default\" data-id=\"24be38e4\" data-element_type=\"section\" data-e-type=\"section\">\n\t\t\t\t\t\t<div class=\"elementor-container elementor-column-gap-default\">\n\t\t\t\t\t<div class=\"elementor-column elementor-col-100 elementor-top-column elementor-element elementor-element-67ca8896\" data-id=\"67ca8896\" data-element_type=\"column\" data-e-type=\"column\">\n\t\t\t<div class=\"elementor-widget-wrap elementor-element-populated\">\n\t\t\t\t\t\t<div class=\"elementor-element elementor-element-50a280d5 elementor-widget elementor-widget-heading\" data-id=\"50a280d5\" data-element_type=\"widget\" data-e-type=\"widget\" data-widget_type=\"heading.default\">\n\t\t\t\t\t<h2 class=\"elementor-heading-title elementor-size-xl\">\u00dchtlustage oma t\u00f6\u00f6voogu Samsungi digitaalallkirja lahendustega<\/h2>\t\t\t\t<\/div>\n\t\t\t\t\t<\/div>\n\t\t<\/div>\n\t\t\t\t\t<\/div>\n\t\t<\/section>\n\t\t<div class=\"elementor-element elementor-element-765cf357 e-flex e-con-boxed e-con e-parent\" data-id=\"765cf357\" data-element_type=\"container\" data-e-type=\"container\">\n\t\t\t\t\t<div class=\"e-con-inner\">\n\t\t\t\t<div class=\"elementor-element elementor-element-23fa91f8 elementor-widget elementor-widget-image\" data-id=\"23fa91f8\" data-element_type=\"widget\" data-e-type=\"widget\" data-widget_type=\"image.default\">\n\t\t\t\t\t\t\t\t\t\t\t\t\t\t\t<img fetchpriority=\"high\" decoding=\"async\" width=\"768\" height=\"380\" src=\"https:\/\/mosaic.ee\/wp-content\/uploads\/2023\/08\/vectorstock_38452625_transparent-768x380.png\" class=\"attachment-medium_large size-medium_large wp-image-1065\" alt=\"\" srcset=\"https:\/\/mosaic.ee\/wp-content\/uploads\/2023\/08\/vectorstock_38452625_transparent-768x380.png 768w, https:\/\/mosaic.ee\/wp-content\/uploads\/2023\/08\/vectorstock_38452625_transparent-300x148.png 300w, https:\/\/mosaic.ee\/wp-content\/uploads\/2023\/08\/vectorstock_38452625_transparent-1024x506.png 1024w, https:\/\/mosaic.ee\/wp-content\/uploads\/2023\/08\/vectorstock_38452625_transparent-1536x760.png 1536w, https:\/\/mosaic.ee\/wp-content\/uploads\/2023\/08\/vectorstock_38452625_transparent-2048x1013.png 2048w, https:\/\/mosaic.ee\/wp-content\/uploads\/2023\/08\/vectorstock_38452625_transparent-18x9.png 18w\" sizes=\"(max-width: 768px) 100vw, 768px\" \/>\t\t\t\t\t\t\t\t\t\t\t\t\t\t\t<\/div>\n\t\t\t\t\t<\/div>\n\t\t\t\t<\/div>\n\t\t<div class=\"elementor-element elementor-element-7a2afb9f e-flex e-con-boxed e-con e-parent\" data-id=\"7a2afb9f\" data-element_type=\"container\" data-e-type=\"container\">\n\t\t\t\t\t<div class=\"e-con-inner\">\n\t\t\t\t<div class=\"elementor-element elementor-element-76e31bd8 elementor-widget elementor-widget-heading\" data-id=\"76e31bd8\" data-element_type=\"widget\" data-e-type=\"widget\" data-widget_type=\"heading.default\">\n\t\t\t\t\t<h2 class=\"elementor-heading-title elementor-size-large\">Miks Samsungi digitaalallkirja lahendused?<\/h2>\t\t\t\t<\/div>\n\t\t\t\t\t<\/div>\n\t\t\t\t<\/div>\n\t\t<div class=\"elementor-element elementor-element-67b13d13 e-flex e-con-boxed e-con e-parent\" data-id=\"67b13d13\" data-element_type=\"container\" data-e-type=\"container\">\n\t\t\t\t\t<div class=\"e-con-inner\">\n\t\t\t\t<div class=\"elementor-element elementor-element-72cdef2c elementor-widget elementor-widget-text-editor\" data-id=\"72cdef2c\" data-element_type=\"widget\" data-e-type=\"widget\" data-widget_type=\"text-editor.default\">\n\t\t\t\t\t\t\t\t\t<div><p><span lang=\"EN-GB\"><span style=\"color: #3366ff;\"><a style=\"color: #3366ff;\" href=\"https:\/\/www.samsung.com\/us\/business\/products\/displays\/b2bapp\/\" target=\"_blank\" rel=\"noopener\">Samsung<\/a><\/span> pakub mitmesuguseid digitaalallkirja lahendusi, mis on m\u00f5eldud teie \u00e4ritegevuse t\u00f6\u00f6voogude sujuvamaks muutmiseks ja turvalisuse suurendamiseks. Samsungi tarkvara abil saate dokumente turvaliselt allkirjastada, kontrollida ja hallata elektrooniliselt, v\u00e4hendades k\u00e4sitsi tehtavate protsessidega seotud aega ja kulusid.<\/span><\/p><\/div><div><p><span lang=\"EN-GB\">Siin on kolm peamist kasu <span style=\"color: #3366ff;\"><a style=\"color: #3366ff;\" href=\"https:\/\/www.samsung.com\/us\/business\/products\/displays\/b2bapp\/\" target=\"_blank\" rel=\"noopener\">Samsung<\/a><\/span> digitaalallkirja lahendused:<\/span><\/p><\/div><div><ol><li><span lang=\"EN-GB\">T\u00f5hustatud turvalisus: Samsungi digitaalallkirja lahendused pakuvad l\u00e4bivat turvalisust, tagades, et teie dokumendid on allkirjastatud ja kontrollitud etten\u00e4htud osapoolte poolt. T\u00e4nu t\u00e4iustatud autentimis- ja kr\u00fcpteerimistehnoloogiatele v\u00f5ite olla kindel, et teie dokumendid on turvalised ja kaitstud. <\/span><\/li><li><span lang=\"EN-GB\">Parem t\u00f5husus: Samsungi digitaalallkirja lahendused aitavad teil s\u00e4\u00e4sta aega ja v\u00e4hendada kulusid, lihtsustades dokumentide allkirjastamist ja kontrollimist. Automatiseeritud t\u00f6\u00f6voogude ja digitaalse arvestuse abil saate kaotada manuaalsed protsessid ja suurendada tootlikkust. <\/span><\/li><li><span lang=\"EN-GB\">Paindlikkus ja integratsioon: Samsungi digitaalallkirja lahendused on paindlikud ja neid saab integreerida mitmete olemasolevate s\u00fcsteemide ja tarkvaraga, mist\u00f5ttu on neid lihtne rakendada ja kasutusele v\u00f5tta. Kas te kasutate laua-, mobiil- v\u00f5i veebip\u00f5hiseid lahendusi, Samsung on teid katnud.<\/span><\/li><\/ol><\/div>\t\t\t\t\t\t\t\t<\/div>\n\t\t\t\t\t<\/div>\n\t\t\t\t<\/div>\n\t\t\t\t<section class=\"elementor-section elementor-top-section elementor-element elementor-element-99d17b9 elementor-section-boxed elementor-section-height-default elementor-section-height-default\" data-id=\"99d17b9\" data-element_type=\"section\" data-e-type=\"section\">\n\t\t\t\t\t\t<div class=\"elementor-container elementor-column-gap-default\">\n\t\t\t\t\t<div class=\"elementor-column elementor-col-50 elementor-top-column elementor-element elementor-element-4cec3595\" data-id=\"4cec3595\" data-element_type=\"column\" data-e-type=\"column\">\n\t\t\t<div class=\"elementor-widget-wrap\">\n\t\t\t\t\t\t\t<\/div>\n\t\t<\/div>\n\t\t\t\t<div class=\"elementor-column elementor-col-50 elementor-top-column elementor-element elementor-element-5cdd1648\" data-id=\"5cdd1648\" data-element_type=\"column\" data-e-type=\"column\">\n\t\t\t<div class=\"elementor-widget-wrap elementor-element-populated\">\n\t\t\t\t\t\t<div class=\"elementor-element elementor-element-3dcc7f95 elementor-widget elementor-widget-image\" data-id=\"3dcc7f95\" data-element_type=\"widget\" data-e-type=\"widget\" data-widget_type=\"image.default\">\n\t\t\t\t\t\t\t\t\t\t\t\t\t\t\t\t<a href=\"https:\/\/www.samsung.com\/us\/business\/products\/displays\/b2bapp\/\" target=\"_blank\" rel=\"noopener\">\n\t\t\t\t\t\t\t<img decoding=\"async\" width=\"300\" height=\"80\" src=\"https:\/\/mosaic.ee\/wp-content\/uploads\/2023\/07\/Samsung_Orig_Wordmark_BLUE_RGB-copy-300x80.png\" class=\"attachment-medium size-medium wp-image-397\" alt=\"\" srcset=\"https:\/\/mosaic.ee\/wp-content\/uploads\/2023\/07\/Samsung_Orig_Wordmark_BLUE_RGB-copy-300x80.png 300w, https:\/\/mosaic.ee\/wp-content\/uploads\/2023\/07\/Samsung_Orig_Wordmark_BLUE_RGB-copy.png 628w\" sizes=\"(max-width: 300px) 100vw, 300px\" \/>\t\t\t\t\t\t\t\t<\/a>\n\t\t\t\t\t\t\t\t\t\t\t\t\t\t\t<\/div>\n\t\t\t\t\t<\/div>\n\t\t<\/div>\n\t\t\t\t\t<\/div>\n\t\t<\/section>\n\t\t<div class=\"elementor-element elementor-element-1bd190cc e-flex e-con-boxed e-con e-parent\" data-id=\"1bd190cc\" data-element_type=\"container\" data-e-type=\"container\">\n\t\t\t\t\t<div class=\"e-con-inner\">\n\t\t\t\t<div class=\"elementor-element elementor-element-74f7a3fc elementor-widget elementor-widget-heading\" data-id=\"74f7a3fc\" data-element_type=\"widget\" data-e-type=\"widget\" data-widget_type=\"heading.default\">\n\t\t\t\t\t<h2 class=\"elementor-heading-title elementor-size-large\">Miks osta Samsungi Mosaicist?<\/h2>\t\t\t\t<\/div>\n\t\t\t\t\t<\/div>\n\t\t\t\t<\/div>\n\t\t<div class=\"elementor-element elementor-element-64d3a25f e-flex e-con-boxed e-con e-parent\" data-id=\"64d3a25f\" data-element_type=\"container\" data-e-type=\"container\">\n\t\t\t\t\t<div class=\"e-con-inner\">\n\t\t\t\t<div class=\"elementor-element elementor-element-1bbf17c2 elementor-widget elementor-widget-text-editor\" data-id=\"1bbf17c2\" data-element_type=\"widget\" data-e-type=\"widget\" data-widget_type=\"text-editor.default\">\n\t\t\t\t\t\t\t\t\t<div><p><span lang=\"EN-GB\">Samsung pakub erinevaid digitaalallkirja lahendusi, mis vastavad teie unikaalsetele \u00e4rivajadustele. Samsung pakub teile k\u00f5ikv\u00f5imalikke lahendusi alates mobiilsest allkirjastamisest kuni pilvep\u00f5histe lahendusteni. Kuna Samsung on p\u00fchendunud innovatsioonile ja turvalisusele, v\u00f5ite olla kindel, et saate oma klassi parimaid lahendusi.<\/span><\/p><\/div><div><p><span lang=\"EN-GB\">Lisaks digitaalallkirja lahendustele pakub Samsung ka mitmeid muid tarkvaralahendusi, mis aitavad teil oma \u00e4ritegevuse t\u00f6\u00f6vooge sujuvamaks muuta. Alates dokumendihaldusest kuni anal\u00fc\u00fctikani aitab Samsungi tarkvara teil saavutada uut t\u00f5husust ja teadmisi.<\/span><\/p><\/div><div><p><span lang=\"EN-GB\">Samsungi partnerina saame meie, Mosaic, aidata teil valida ja rakendada teie ettev\u00f5tte jaoks \u00f5igeid Samsungi lahendusi. Meie ekspertide meeskond saab teile pakkuda juhiseid ja tuge, mida vajate kiireks ja t\u00f5husaks t\u00f6\u00f6lerakendamiseks.<\/span><\/p><\/div><div><p><span lang=\"EN-GB\">V\u00f5tke meiega juba t\u00e4na \u00fchendust, et saada rohkem teavet Samsungi digitaalallkirja lahenduste kohta ja selle kohta, kuidas me saame aidata teil oma \u00e4ritegevuse t\u00f6\u00f6vooge sujuvamaks muuta.<\/span><\/p><\/div>\t\t\t\t\t\t\t\t<\/div>\n\t\t\t\t\t<\/div>\n\t\t\t\t<\/div>\n\t\t\t\t<section class=\"elementor-section elementor-top-section elementor-element elementor-element-5db134c1 elementor-section-boxed elementor-section-height-default elementor-section-height-default\" data-id=\"5db134c1\" data-element_type=\"section\" data-e-type=\"section\">\n\t\t\t\t\t\t<div class=\"elementor-container elementor-column-gap-default\">\n\t\t\t\t\t<div class=\"elementor-column elementor-col-50 elementor-top-column elementor-element elementor-element-5f358026\" data-id=\"5f358026\" data-element_type=\"column\" data-e-type=\"column\">\n\t\t\t<div class=\"elementor-widget-wrap\">\n\t\t\t\t\t\t\t<\/div>\n\t\t<\/div>\n\t\t\t\t<div class=\"elementor-column elementor-col-50 elementor-top-column elementor-element elementor-element-30543c0c\" data-id=\"30543c0c\" data-element_type=\"column\" data-e-type=\"column\">\n\t\t\t<div class=\"elementor-widget-wrap elementor-element-populated\">\n\t\t\t\t\t\t<div class=\"elementor-element elementor-element-1b3274a3 elementor-widget elementor-widget-image\" data-id=\"1b3274a3\" data-element_type=\"widget\" data-e-type=\"widget\" data-widget_type=\"image.default\">\n\t\t\t\t\t\t\t\t\t\t\t\t\t\t\t\t<a href=\"https:\/\/www.samsung.com\/us\/business\/products\/displays\/b2bapp\/\" target=\"_blank\" rel=\"noopener\">\n\t\t\t\t\t\t\t<img decoding=\"async\" width=\"628\" height=\"167\" src=\"https:\/\/mosaic.ee\/wp-content\/uploads\/2023\/07\/Samsung_Orig_Wordmark_BLUE_RGB-copy.png\" class=\"attachment-large size-large wp-image-397\" alt=\"\" srcset=\"https:\/\/mosaic.ee\/wp-content\/uploads\/2023\/07\/Samsung_Orig_Wordmark_BLUE_RGB-copy.png 628w, https:\/\/mosaic.ee\/wp-content\/uploads\/2023\/07\/Samsung_Orig_Wordmark_BLUE_RGB-copy-300x80.png 300w\" sizes=\"(max-width: 628px) 100vw, 628px\" \/>\t\t\t\t\t\t\t\t<\/a>\n\t\t\t\t\t\t\t\t\t\t\t\t\t\t\t<\/div>\n\t\t\t\t\t<\/div>\n\t\t<\/div>\n\t\t\t\t\t<\/div>\n\t\t<\/section>\n\t\t\t\t<\/div>","protected":false},"excerpt":{"rendered":"<p>Streamline Your Workflow with Samsung Digital Signature Solutions Why Samsung digital signature solutions? Samsung offers a range of digital signature solutions designed to streamline your business workflows and enhance security. With Samsung software, you can securely sign, verify, and manage documents electronically, reducing the time and costs associated with manual processes. Here are three key [&hellip;]<\/p>\n","protected":false},"author":1,"featured_media":0,"parent":0,"menu_order":0,"comment_status":"closed","ping_status":"closed","template":"","meta":{"content-type":"","footnotes":""},"class_list":["post-1062","page","type-page","status-publish","hentry"],"_links":{"self":[{"href":"https:\/\/mosaic.ee\/et\/wp-json\/wp\/v2\/pages\/1062","targetHints":{"allow":["GET"]}}],"collection":[{"href":"https:\/\/mosaic.ee\/et\/wp-json\/wp\/v2\/pages"}],"about":[{"href":"https:\/\/mosaic.ee\/et\/wp-json\/wp\/v2\/types\/page"}],"author":[{"embeddable":true,"href":"https:\/\/mosaic.ee\/et\/wp-json\/wp\/v2\/users\/1"}],"replies":[{"embeddable":true,"href":"https:\/\/mosaic.ee\/et\/wp-json\/wp\/v2\/comments?post=1062"}],"version-history":[{"count":10,"href":"https:\/\/mosaic.ee\/et\/wp-json\/wp\/v2\/pages\/1062\/revisions"}],"predecessor-version":[{"id":1642,"href":"https:\/\/mosaic.ee\/et\/wp-json\/wp\/v2\/pages\/1062\/revisions\/1642"}],"wp:attachment":[{"href":"https:\/\/mosaic.ee\/et\/wp-json\/wp\/v2\/media?parent=1062"}],"curies":[{"name":"wp","href":"https:\/\/api.w.org\/{rel}","templated":true}]}}