{"id":1049,"date":"2023-08-17T13:26:20","date_gmt":"2023-08-17T10:26:20","guid":{"rendered":"https:\/\/mosaic.ee\/?page_id=1049"},"modified":"2024-06-03T14:38:38","modified_gmt":"2024-06-03T11:38:38","slug":"withsecure","status":"publish","type":"page","link":"https:\/\/mosaic.ee\/et\/withsecure\/","title":{"rendered":"WithSecure"},"content":{"rendered":"<div data-elementor-type=\"wp-page\" data-elementor-id=\"1049\" class=\"elementor elementor-1049\" data-elementor-post-type=\"page\">\n\t\t\t\t\t\t<section class=\"elementor-section elementor-top-section elementor-element elementor-element-58795df7 elementor-section-boxed elementor-section-height-default elementor-section-height-default\" data-id=\"58795df7\" data-element_type=\"section\" data-e-type=\"section\">\n\t\t\t\t\t\t<div class=\"elementor-container elementor-column-gap-default\">\n\t\t\t\t\t<div class=\"elementor-column elementor-col-100 elementor-top-column elementor-element elementor-element-7fb98349\" data-id=\"7fb98349\" data-element_type=\"column\" data-e-type=\"column\">\n\t\t\t<div class=\"elementor-widget-wrap elementor-element-populated\">\n\t\t\t\t\t\t<div class=\"elementor-element elementor-element-4a45a4f2 elementor-widget elementor-widget-heading\" data-id=\"4a45a4f2\" data-element_type=\"widget\" data-e-type=\"widget\" data-widget_type=\"heading.default\">\n\t\t\t\t\t<h2 class=\"elementor-heading-title elementor-size-xl\">Kaitske oma ettev\u00f5tet WithSecure'i k\u00fcberturvalisuse lahendustega<\/h2>\t\t\t\t<\/div>\n\t\t\t\t\t<\/div>\n\t\t<\/div>\n\t\t\t\t\t<\/div>\n\t\t<\/section>\n\t\t<div class=\"elementor-element elementor-element-78f05476 e-flex e-con-boxed e-con e-parent\" data-id=\"78f05476\" data-element_type=\"container\" data-e-type=\"container\">\n\t\t\t\t\t<div class=\"e-con-inner\">\n\t\t\t\t<div class=\"elementor-element elementor-element-a6bba4a elementor-widget elementor-widget-image\" data-id=\"a6bba4a\" data-element_type=\"widget\" data-e-type=\"widget\" data-widget_type=\"image.default\">\n\t\t\t\t\t\t\t\t\t\t\t\t\t\t\t<img fetchpriority=\"high\" decoding=\"async\" width=\"768\" height=\"427\" src=\"https:\/\/mosaic.ee\/wp-content\/uploads\/2023\/08\/vectorstock_33336519_transparent-768x427.png\" class=\"attachment-medium_large size-medium_large wp-image-1052\" alt=\"\" srcset=\"https:\/\/mosaic.ee\/wp-content\/uploads\/2023\/08\/vectorstock_33336519_transparent-768x427.png 768w, https:\/\/mosaic.ee\/wp-content\/uploads\/2023\/08\/vectorstock_33336519_transparent-300x167.png 300w, https:\/\/mosaic.ee\/wp-content\/uploads\/2023\/08\/vectorstock_33336519_transparent-1024x569.png 1024w, https:\/\/mosaic.ee\/wp-content\/uploads\/2023\/08\/vectorstock_33336519_transparent-1536x853.png 1536w, https:\/\/mosaic.ee\/wp-content\/uploads\/2023\/08\/vectorstock_33336519_transparent-2048x1138.png 2048w, https:\/\/mosaic.ee\/wp-content\/uploads\/2023\/08\/vectorstock_33336519_transparent-18x10.png 18w\" sizes=\"(max-width: 768px) 100vw, 768px\" \/>\t\t\t\t\t\t\t\t\t\t\t\t\t\t\t<\/div>\n\t\t\t\t\t<\/div>\n\t\t\t\t<\/div>\n\t\t<div class=\"elementor-element elementor-element-5768a2eb e-flex e-con-boxed e-con e-parent\" data-id=\"5768a2eb\" data-element_type=\"container\" data-e-type=\"container\">\n\t\t\t\t\t<div class=\"e-con-inner\">\n\t\t\t\t<div class=\"elementor-element elementor-element-3ea0a4b5 elementor-widget elementor-widget-heading\" data-id=\"3ea0a4b5\" data-element_type=\"widget\" data-e-type=\"widget\" data-widget_type=\"heading.default\">\n\t\t\t\t\t<h2 class=\"elementor-heading-title elementor-size-large\">Miks WithSecure tarkvara?<\/h2>\t\t\t\t<\/div>\n\t\t\t\t\t<\/div>\n\t\t\t\t<\/div>\n\t\t<div class=\"elementor-element elementor-element-7b976ad5 e-flex e-con-boxed e-con e-parent\" data-id=\"7b976ad5\" data-element_type=\"container\" data-e-type=\"container\">\n\t\t\t\t\t<div class=\"e-con-inner\">\n\t\t\t\t<div class=\"elementor-element elementor-element-2793afe8 elementor-widget elementor-widget-text-editor\" data-id=\"2793afe8\" data-element_type=\"widget\" data-e-type=\"widget\" data-widget_type=\"text-editor.default\">\n\t\t\t\t\t\t\t\t\t<div><p><span lang=\"EN-GB\"><span style=\"color: #3366ff;\"><a style=\"color: #3366ff;\" href=\"https:\/\/www.withsecure.com\/en\/home\" target=\"_blank\" rel=\"noopener\">WithSecure<\/a><\/span> (endine F-Secure) on juhtiv k\u00fcberturvalisuse lahenduste pakkuja, mis kaitseb ettev\u00f5tteid ohtude ja k\u00fcberr\u00fcnnakute eest. WithSecure'iga saate tagada oma tundlike andmete ja digitaalse vara turvalisuse ja julgeoleku.<\/span><\/p><\/div><div><p><span lang=\"EN-GB\">WithSecure'i k\u00fcberturvalisuse pakkumised h\u00f5lmavad viiruset\u00f5rjet ja l\u00f5pp-punktide kaitset, haavatavuse haldamist ja v\u00f5rguturvalisuse lahendusi, mis teeb sellest olulise vahendi ettev\u00f5tetele, kes soovivad v\u00e4hendada turvariske. WithSecure'i abil saate kaitsta oma ettev\u00f5tet k\u00fcberohtude eest, j\u00e4rgida eeskirju ja saavutada meelerahu.<\/span><\/p><\/div><div><p><span lang=\"EN-GB\">Siin on kolm peamist kasu <span style=\"color: #3366ff;\"><a style=\"color: #3366ff;\" href=\"https:\/\/www.withsecure.com\/en\/home\" target=\"_blank\" rel=\"noopener\">WithSecure<\/a><\/span> k\u00fcberturvalisuse lahendused:<\/span><\/p><\/div><div><ol><li><span lang=\"EN-GB\">T\u00e4iustatud ohukaitse: WithSecure pakub t\u00e4iustatud kaitset, mis tuvastab ja takistab isegi k\u00f5ige keerukamaid k\u00fcberr\u00fcnnakuid. T\u00e4nu tipptasemel tehnoloogiale ja reaalajas toimuvale ohuanal\u00fc\u00fcsile saate olla k\u00fcberkurjategijatest sammu v\u00f5rra ees ja hoida oma \u00e4ri turvalisena. <\/span><\/li><li><span lang=\"EN-GB\">Vastavus on lihtne: WithSecure'i k\u00fcberturvalisuse lahendused aitavad teil j\u00e4rgida eeskirju, sealhulgas GDPR, HIPAA ja PCI DSS. P\u00f5hjalike aruandlus- ja auditeerimisv\u00f5imaluste abil saate h\u00f5lpsasti t\u00f5estada oma vastavust reguleerivatele asutustele ja klientidele. <\/span><\/li><li><span lang=\"EN-GB\">Lihtsustatud k\u00fcberturvalisuse haldamine: WithSecure'i lahendused on loodud kasutajas\u00f5bralikuks ja h\u00f5lpsasti hallatavaks. T\u00e4nu tsentraliseeritud juhtimiskonsoolile saate j\u00e4lgida ja hallata oma k\u00fcberturvalisuse olukorda k\u00f5igis seadmetes ja l\u00f5pp-punktides \u00fchelt juhtpaneelilt.<\/span><\/li><\/ol><\/div>\t\t\t\t\t\t\t\t<\/div>\n\t\t\t\t\t<\/div>\n\t\t\t\t<\/div>\n\t\t\t\t<section class=\"elementor-section elementor-top-section elementor-element elementor-element-4f368459 elementor-section-boxed elementor-section-height-default elementor-section-height-default\" data-id=\"4f368459\" data-element_type=\"section\" data-e-type=\"section\">\n\t\t\t\t\t\t<div class=\"elementor-container elementor-column-gap-default\">\n\t\t\t\t\t<div class=\"elementor-column elementor-col-50 elementor-top-column elementor-element elementor-element-686628e3\" data-id=\"686628e3\" data-element_type=\"column\" data-e-type=\"column\">\n\t\t\t<div class=\"elementor-widget-wrap\">\n\t\t\t\t\t\t\t<\/div>\n\t\t<\/div>\n\t\t\t\t<div class=\"elementor-column elementor-col-50 elementor-top-column elementor-element elementor-element-7e87ffa\" data-id=\"7e87ffa\" data-element_type=\"column\" data-e-type=\"column\">\n\t\t\t<div class=\"elementor-widget-wrap elementor-element-populated\">\n\t\t\t\t\t\t<div class=\"elementor-element elementor-element-537f6fb3 elementor-widget elementor-widget-image\" data-id=\"537f6fb3\" data-element_type=\"widget\" data-e-type=\"widget\" data-widget_type=\"image.default\">\n\t\t\t\t\t\t\t\t\t\t\t\t\t\t\t\t<a href=\"https:\/\/www.withsecure.com\/en\/home\" target=\"_blank\" rel=\"noopener\">\n\t\t\t\t\t\t\t<img decoding=\"async\" width=\"300\" height=\"68\" src=\"https:\/\/mosaic.ee\/wp-content\/uploads\/2023\/07\/withsecure_logo_charcoal_black-300x68.png\" class=\"attachment-medium size-medium wp-image-367\" alt=\"\" srcset=\"https:\/\/mosaic.ee\/wp-content\/uploads\/2023\/07\/withsecure_logo_charcoal_black-300x68.png 300w, https:\/\/mosaic.ee\/wp-content\/uploads\/2023\/07\/withsecure_logo_charcoal_black-1024x231.png 1024w, https:\/\/mosaic.ee\/wp-content\/uploads\/2023\/07\/withsecure_logo_charcoal_black-768x174.png 768w, https:\/\/mosaic.ee\/wp-content\/uploads\/2023\/07\/withsecure_logo_charcoal_black-1536x347.png 1536w, https:\/\/mosaic.ee\/wp-content\/uploads\/2023\/07\/withsecure_logo_charcoal_black-2048x463.png 2048w\" sizes=\"(max-width: 300px) 100vw, 300px\" \/>\t\t\t\t\t\t\t\t<\/a>\n\t\t\t\t\t\t\t\t\t\t\t\t\t\t\t<\/div>\n\t\t\t\t\t<\/div>\n\t\t<\/div>\n\t\t\t\t\t<\/div>\n\t\t<\/section>\n\t\t<div class=\"elementor-element elementor-element-3d04e23b e-flex e-con-boxed e-con e-parent\" data-id=\"3d04e23b\" data-element_type=\"container\" data-e-type=\"container\">\n\t\t\t\t\t<div class=\"e-con-inner\">\n\t\t\t\t<div class=\"elementor-element elementor-element-f04df42 elementor-widget elementor-widget-heading\" data-id=\"f04df42\" data-element_type=\"widget\" data-e-type=\"widget\" data-widget_type=\"heading.default\">\n\t\t\t\t\t<h2 class=\"elementor-heading-title elementor-size-large\">Miks osta WithSecure'i Mosaicilt?<\/h2>\t\t\t\t<\/div>\n\t\t\t\t\t<\/div>\n\t\t\t\t<\/div>\n\t\t<div class=\"elementor-element elementor-element-2476e412 e-flex e-con-boxed e-con e-parent\" data-id=\"2476e412\" data-element_type=\"container\" data-e-type=\"container\">\n\t\t\t\t\t<div class=\"e-con-inner\">\n\t\t\t\t<div class=\"elementor-element elementor-element-3438be5c elementor-widget elementor-widget-text-editor\" data-id=\"3438be5c\" data-element_type=\"widget\" data-e-type=\"widget\" data-widget_type=\"text-editor.default\">\n\t\t\t\t\t\t\t\t\t<div><p><span lang=\"EN-GB\">Mosaic on WithSecure'i usaldusv\u00e4\u00e4rne partner ja tema k\u00fcberturvalisuse lahenduste volitatud edasim\u00fc\u00fcja. Meie ekspertide meeskond aitab teil valida teie ettev\u00f5ttele sobivad WithSecure'i vahendid, olgu teil siis vaja viiruset\u00f5rjet ja l\u00f5pp-punktide kaitset, haavatavuse haldamist v\u00f5i v\u00f5rguturvalisuse lahendusi.<\/span><\/p><\/div><div><p><span lang=\"EN-GB\">WithSecure'i partnerina on meil juurdep\u00e4\u00e4s uusimatele toodetele ja teenustele, mis tagab teile k\u00f5ige ajakohasemad lahendused. Lisaks sellele v\u00f5imaldab meie tarkvaralitsentside alane p\u00e4devus pakkuda kohandatud lahendusi teie unikaalsetele \u00e4rivajadustele. Oleme uhked kiire hinnapakkumiste koostamise ja tarnimise teenuse \u00fcle, mis tagab, et saate vajalikud lahendused kiiresti kasutusele v\u00f5tta.<\/span><\/p><\/div><div><p><span lang=\"EN-GB\">Mosaic on p\u00fchendunud sellele, et pakkuda oma klientidele parimaid v\u00f5imalikke pakkumisi. WithSecure'i volitatud edasim\u00fc\u00fcjana pakume konkurentsiv\u00f5imelisi hindu k\u00f5igile WithSecure'i toodetele ja teenustele. V\u00f5tke meiega juba t\u00e4na \u00fchendust, et saada rohkem teavet meie WithSecure'i k\u00fcberturvalisuse lahenduste kohta ja selle kohta, kuidas me saame aidata teil kaitsta oma ettev\u00f5tet k\u00fcberohtude eest.<\/span><\/p><\/div>\t\t\t\t\t\t\t\t<\/div>\n\t\t\t\t\t<\/div>\n\t\t\t\t<\/div>\n\t\t\t\t<section class=\"elementor-section elementor-top-section elementor-element elementor-element-197deae0 elementor-section-boxed elementor-section-height-default elementor-section-height-default\" data-id=\"197deae0\" data-element_type=\"section\" data-e-type=\"section\">\n\t\t\t\t\t\t<div class=\"elementor-container elementor-column-gap-default\">\n\t\t\t\t\t<div class=\"elementor-column elementor-col-50 elementor-top-column elementor-element elementor-element-40be0f69\" data-id=\"40be0f69\" data-element_type=\"column\" data-e-type=\"column\">\n\t\t\t<div class=\"elementor-widget-wrap\">\n\t\t\t\t\t\t\t<\/div>\n\t\t<\/div>\n\t\t\t\t<div class=\"elementor-column elementor-col-50 elementor-top-column elementor-element elementor-element-566fe50d\" data-id=\"566fe50d\" data-element_type=\"column\" data-e-type=\"column\">\n\t\t\t<div class=\"elementor-widget-wrap elementor-element-populated\">\n\t\t\t\t\t\t<div class=\"elementor-element elementor-element-400fdf59 elementor-widget elementor-widget-image\" data-id=\"400fdf59\" data-element_type=\"widget\" data-e-type=\"widget\" data-widget_type=\"image.default\">\n\t\t\t\t\t\t\t\t\t\t\t\t\t\t\t\t<a href=\"https:\/\/www.withsecure.com\/en\/home\" target=\"_blank\" rel=\"noopener\">\n\t\t\t\t\t\t\t<img decoding=\"async\" width=\"800\" height=\"180\" src=\"https:\/\/mosaic.ee\/wp-content\/uploads\/2023\/07\/withsecure_logo_charcoal_black-1024x231.png\" class=\"attachment-large size-large wp-image-367\" alt=\"\" srcset=\"https:\/\/mosaic.ee\/wp-content\/uploads\/2023\/07\/withsecure_logo_charcoal_black-1024x231.png 1024w, https:\/\/mosaic.ee\/wp-content\/uploads\/2023\/07\/withsecure_logo_charcoal_black-300x68.png 300w, https:\/\/mosaic.ee\/wp-content\/uploads\/2023\/07\/withsecure_logo_charcoal_black-768x174.png 768w, https:\/\/mosaic.ee\/wp-content\/uploads\/2023\/07\/withsecure_logo_charcoal_black-1536x347.png 1536w, https:\/\/mosaic.ee\/wp-content\/uploads\/2023\/07\/withsecure_logo_charcoal_black-2048x463.png 2048w\" sizes=\"(max-width: 800px) 100vw, 800px\" \/>\t\t\t\t\t\t\t\t<\/a>\n\t\t\t\t\t\t\t\t\t\t\t\t\t\t\t<\/div>\n\t\t\t\t\t<\/div>\n\t\t<\/div>\n\t\t\t\t\t<\/div>\n\t\t<\/section>\n\t\t\t\t<\/div>","protected":false},"excerpt":{"rendered":"<p>Protect Your Business with Cybersecurity Solutions from WithSecure Why WithSecure Software? WithSecure (formerly F-Secure) is a leading provider of cybersecurity solutions that protect businesses from threats and cyberattacks. With WithSecure, you can ensure the safety and security of your sensitive data and digital assets. WithSecure&#8217;s cybersecurity offerings include antivirus and endpoint protection, vulnerability management, and [&hellip;]<\/p>\n","protected":false},"author":1,"featured_media":0,"parent":0,"menu_order":0,"comment_status":"closed","ping_status":"closed","template":"","meta":{"content-type":"","footnotes":""},"class_list":["post-1049","page","type-page","status-publish","hentry"],"_links":{"self":[{"href":"https:\/\/mosaic.ee\/et\/wp-json\/wp\/v2\/pages\/1049","targetHints":{"allow":["GET"]}}],"collection":[{"href":"https:\/\/mosaic.ee\/et\/wp-json\/wp\/v2\/pages"}],"about":[{"href":"https:\/\/mosaic.ee\/et\/wp-json\/wp\/v2\/types\/page"}],"author":[{"embeddable":true,"href":"https:\/\/mosaic.ee\/et\/wp-json\/wp\/v2\/users\/1"}],"replies":[{"embeddable":true,"href":"https:\/\/mosaic.ee\/et\/wp-json\/wp\/v2\/comments?post=1049"}],"version-history":[{"count":7,"href":"https:\/\/mosaic.ee\/et\/wp-json\/wp\/v2\/pages\/1049\/revisions"}],"predecessor-version":[{"id":1687,"href":"https:\/\/mosaic.ee\/et\/wp-json\/wp\/v2\/pages\/1049\/revisions\/1687"}],"wp:attachment":[{"href":"https:\/\/mosaic.ee\/et\/wp-json\/wp\/v2\/media?parent=1049"}],"curies":[{"name":"wp","href":"https:\/\/api.w.org\/{rel}","templated":true}]}}