{"id":1035,"date":"2023-08-17T12:35:59","date_gmt":"2023-08-17T09:35:59","guid":{"rendered":"https:\/\/mosaic.ee\/?page_id=1035"},"modified":"2024-06-03T14:53:33","modified_gmt":"2024-06-03T11:53:33","slug":"trustarc","status":"publish","type":"page","link":"https:\/\/mosaic.ee\/et\/trustarc\/","title":{"rendered":"TrustArc"},"content":{"rendered":"<div data-elementor-type=\"wp-page\" data-elementor-id=\"1035\" class=\"elementor elementor-1035\" data-elementor-post-type=\"page\">\n\t\t\t\t\t\t<section class=\"elementor-section elementor-top-section elementor-element elementor-element-2575b089 elementor-section-boxed elementor-section-height-default elementor-section-height-default\" data-id=\"2575b089\" data-element_type=\"section\" data-e-type=\"section\">\n\t\t\t\t\t\t<div class=\"elementor-container elementor-column-gap-default\">\n\t\t\t\t\t<div class=\"elementor-column elementor-col-100 elementor-top-column elementor-element elementor-element-1bee0d62\" data-id=\"1bee0d62\" data-element_type=\"column\" data-e-type=\"column\">\n\t\t\t<div class=\"elementor-widget-wrap elementor-element-populated\">\n\t\t\t\t\t\t<div class=\"elementor-element elementor-element-1751640e elementor-widget elementor-widget-heading\" data-id=\"1751640e\" data-element_type=\"widget\" data-e-type=\"widget\" data-widget_type=\"heading.default\">\n\t\t\t\t\t<h2 class=\"elementor-heading-title elementor-size-xl\">Ehitage oma klientidega usaldust, kasutades TrustArc privaatsuse haldamise lahendusi koos Mosaiciga<\/h2>\t\t\t\t<\/div>\n\t\t\t\t\t<\/div>\n\t\t<\/div>\n\t\t\t\t\t<\/div>\n\t\t<\/section>\n\t\t<div class=\"elementor-element elementor-element-3721d90d e-flex e-con-boxed e-con e-parent\" data-id=\"3721d90d\" data-element_type=\"container\" data-e-type=\"container\">\n\t\t\t\t\t<div class=\"e-con-inner\">\n\t\t\t\t<div class=\"elementor-element elementor-element-3df830 elementor-widget elementor-widget-image\" data-id=\"3df830\" data-element_type=\"widget\" data-e-type=\"widget\" data-widget_type=\"image.default\">\n\t\t\t\t\t\t\t\t\t\t\t\t\t\t\t<img fetchpriority=\"high\" decoding=\"async\" width=\"768\" height=\"327\" src=\"https:\/\/mosaic.ee\/wp-content\/uploads\/2023\/08\/vectorstock_33535688_transparent-768x327.png\" class=\"attachment-medium_large size-medium_large wp-image-1039\" alt=\"\" srcset=\"https:\/\/mosaic.ee\/wp-content\/uploads\/2023\/08\/vectorstock_33535688_transparent-768x327.png 768w, https:\/\/mosaic.ee\/wp-content\/uploads\/2023\/08\/vectorstock_33535688_transparent-300x128.png 300w, https:\/\/mosaic.ee\/wp-content\/uploads\/2023\/08\/vectorstock_33535688_transparent-1024x436.png 1024w, https:\/\/mosaic.ee\/wp-content\/uploads\/2023\/08\/vectorstock_33535688_transparent-1536x653.png 1536w, https:\/\/mosaic.ee\/wp-content\/uploads\/2023\/08\/vectorstock_33535688_transparent-2048x871.png 2048w, https:\/\/mosaic.ee\/wp-content\/uploads\/2023\/08\/vectorstock_33535688_transparent-18x8.png 18w\" sizes=\"(max-width: 768px) 100vw, 768px\" \/>\t\t\t\t\t\t\t\t\t\t\t\t\t\t\t<\/div>\n\t\t\t\t\t<\/div>\n\t\t\t\t<\/div>\n\t\t<div class=\"elementor-element elementor-element-7f944e e-flex e-con-boxed e-con e-parent\" data-id=\"7f944e\" data-element_type=\"container\" data-e-type=\"container\">\n\t\t\t\t\t<div class=\"e-con-inner\">\n\t\t\t\t<div class=\"elementor-element elementor-element-5852d0b2 elementor-widget elementor-widget-heading\" data-id=\"5852d0b2\" data-element_type=\"widget\" data-e-type=\"widget\" data-widget_type=\"heading.default\">\n\t\t\t\t\t<h2 class=\"elementor-heading-title elementor-size-large\">Miks TrustArc tarkvara?<\/h2>\t\t\t\t<\/div>\n\t\t\t\t\t<\/div>\n\t\t\t\t<\/div>\n\t\t<div class=\"elementor-element elementor-element-524f7b5a e-flex e-con-boxed e-con e-parent\" data-id=\"524f7b5a\" data-element_type=\"container\" data-e-type=\"container\">\n\t\t\t\t\t<div class=\"e-con-inner\">\n\t\t\t\t<div class=\"elementor-element elementor-element-671e3efa elementor-widget elementor-widget-text-editor\" data-id=\"671e3efa\" data-element_type=\"widget\" data-e-type=\"widget\" data-widget_type=\"text-editor.default\">\n\t\t\t\t\t\t\t\t\t<p style=\"font-weight: 400;\">T\u00e4nap\u00e4eva digitaalses maailmas on klientide usaldus iga ettev\u00f5tte edu seisukohalt \u00fclioluline. Kliendid tahavad teada, et nende andmed on turvalised ja et nende privaatsust austatakse. <span style=\"color: #3366ff;\"><a style=\"color: #3366ff;\" href=\"https:\/\/trustarc.com\" target=\"_blank\" rel=\"noopener\">TrustArc<\/a><\/span> on juhtiv eraelu puutumatuse haldamise lahenduste pakkuja, mis aitab ettev\u00f5tetel suurendada klientide usaldust, n\u00e4idates oma p\u00fchendumust eraelu puutumatusele.<\/p><p style=\"font-weight: 400;\">TrustArci lahendused on loodud selleks, et aidata ettev\u00f5tetel j\u00e4rgida eraelu puutumatuse eeskirju, nagu GDPR ja CCPA, ning hallata oma eraelu puutumatuse programme t\u00f5husamalt. TrustArci abil saate:<\/p><ol><li>Andmeriskide tuvastamine ja haldamine: TrustArc aitab teil tuvastada ja hallata andmeriske, andes tervikliku \u00fclevaate teie andmete \u00f6kos\u00fcsteemist, sealhulgas sellest, kus teie andmeid hoitakse, kellel on neile juurdep\u00e4\u00e4s ja kuidas neid kasutatakse.<\/li><li>Ehitage klientide usaldust: TrustArci privaatsuse haldamise lahendused aitavad teil suurendada klientide usaldust, n\u00e4idates oma p\u00fchendumust privaatsusele. TrustArci abil saate oma veebisaidil kuvada privaatsussertifikaate ja -m\u00e4rke, mis n\u00e4itavad klientidele, et v\u00f5tate nende privaatsust t\u00f5siselt.<\/li><li>Lihtsustage n\u00f5uete t\u00e4itmist: TrustArci privaatsuse haldamise lahendused lihtsustavad n\u00f5uetele vastavust, pakkudes vahendeid ja malle, mis aitavad teil j\u00e4rgida privaatsuseeskirju, nagu GDPR ja CCPA. TrustArci abil saate \u00fchtlustada oma privaatsusprogrammi ja v\u00e4hendada mittevastavuse riski.<\/li><\/ol><p style=\"font-weight: 400;\">Miks valida <span style=\"color: #3366ff;\"><a style=\"color: #3366ff;\" href=\"https:\/\/trustarc.com\" target=\"_blank\" rel=\"noopener\">TrustArc<\/a><\/span> Privaatsuse haldamise lahendused?<\/p><p style=\"font-weight: 400;\">TrustArc on usaldusv\u00e4\u00e4rne eraelu puutumatuse haldamise lahenduste pakkuja, kellel on \u00fcle 20 aasta kogemusi, mis aitavad ettev\u00f5tetel luua usaldust oma klientide suhtes. Meie lahendusi kasutavad tuhanded ettev\u00f5tted kogu maailmas, sealhulgas paljud Fortune 500 ettev\u00f5tted.<\/p><p style=\"font-weight: 400;\">Siin on kolm peamist p\u00f5hjust, miks valida TrustArc oma privaatsuse haldamise vajaduste jaoks:<\/p><ol><li>P\u00f5hjalikud lahendused: TrustArc pakub terviklikku paketti eraelu puutumatuse haldamise lahendusi, sealhulgas hindamisi, vastavust, riskijuhtimist ja sertifitseerimist. TrustArciga saate lahendada k\u00f5ik oma eraelu puutumatuse haldamise vajadused \u00fches kohas.<\/li><li>Ekspertide juhised: TrustArci eraelu puutumatuse ekspertide meeskond pakub juhiseid ja tuge kogu eraelu puutumatuse haldamise protsessi v\u00e4ltel. Me aitame teil tuvastada ja hallata andmeriske, t\u00f6\u00f6tada v\u00e4lja privaatsuspoliitikad ja -menetlused ning rakendada privaatsuskontrolli, et kaitsta teie klientide andmeid.<\/li><li>T\u00f6\u00f6stuse tunnustamine: TrustArc'i privaatsuse haldamise lahendused on saanud t\u00f6\u00f6stusharu tunnustuse, sealhulgas on nad nimetatud Gartner Magic Quadrant for Privacy Management Tools'i juhtpositsioonile. TrustArci puhul v\u00f5ite kindel olla, et t\u00f6\u00f6tate juhtiva eraelu puutumatuse haldamise lahenduste pakkujaga.<\/li><\/ol>\t\t\t\t\t\t\t\t<\/div>\n\t\t\t\t\t<\/div>\n\t\t\t\t<\/div>\n\t\t\t\t<section class=\"elementor-section elementor-top-section elementor-element elementor-element-5d546dd9 elementor-section-boxed elementor-section-height-default elementor-section-height-default\" data-id=\"5d546dd9\" data-element_type=\"section\" data-e-type=\"section\">\n\t\t\t\t\t\t<div class=\"elementor-container elementor-column-gap-default\">\n\t\t\t\t\t<div class=\"elementor-column elementor-col-50 elementor-top-column elementor-element elementor-element-5d909fca\" data-id=\"5d909fca\" data-element_type=\"column\" data-e-type=\"column\">\n\t\t\t<div class=\"elementor-widget-wrap\">\n\t\t\t\t\t\t\t<\/div>\n\t\t<\/div>\n\t\t\t\t<div class=\"elementor-column elementor-col-50 elementor-top-column elementor-element elementor-element-1975249f\" data-id=\"1975249f\" data-element_type=\"column\" data-e-type=\"column\">\n\t\t\t<div class=\"elementor-widget-wrap elementor-element-populated\">\n\t\t\t\t\t\t<div class=\"elementor-element elementor-element-65338db9 elementor-widget elementor-widget-image\" data-id=\"65338db9\" data-element_type=\"widget\" data-e-type=\"widget\" data-widget_type=\"image.default\">\n\t\t\t\t\t\t\t\t\t\t\t\t\t\t\t\t<a href=\"https:\/\/trustarc.com\" target=\"_blank\" rel=\"noopener\">\n\t\t\t\t\t\t\t<img decoding=\"async\" width=\"300\" height=\"112\" src=\"https:\/\/mosaic.ee\/wp-content\/uploads\/2023\/08\/TrustArc-300x112.png\" class=\"attachment-medium size-medium wp-image-1038\" alt=\"\" srcset=\"https:\/\/mosaic.ee\/wp-content\/uploads\/2023\/08\/TrustArc-300x112.png 300w, https:\/\/mosaic.ee\/wp-content\/uploads\/2023\/08\/TrustArc-18x7.png 18w, https:\/\/mosaic.ee\/wp-content\/uploads\/2023\/08\/TrustArc.png 368w\" sizes=\"(max-width: 300px) 100vw, 300px\" \/>\t\t\t\t\t\t\t\t<\/a>\n\t\t\t\t\t\t\t\t\t\t\t\t\t\t\t<\/div>\n\t\t\t\t\t<\/div>\n\t\t<\/div>\n\t\t\t\t\t<\/div>\n\t\t<\/section>\n\t\t<div class=\"elementor-element elementor-element-8c897db e-flex e-con-boxed e-con e-parent\" data-id=\"8c897db\" data-element_type=\"container\" data-e-type=\"container\">\n\t\t\t\t\t<div class=\"e-con-inner\">\n\t\t\t\t<div class=\"elementor-element elementor-element-308c11c1 elementor-widget elementor-widget-heading\" data-id=\"308c11c1\" data-element_type=\"widget\" data-e-type=\"widget\" data-widget_type=\"heading.default\">\n\t\t\t\t\t<h2 class=\"elementor-heading-title elementor-size-large\">Miks osta TrustArc Mosaicilt?<\/h2>\t\t\t\t<\/div>\n\t\t\t\t\t<\/div>\n\t\t\t\t<\/div>\n\t\t<div class=\"elementor-element elementor-element-5085d5c5 e-flex e-con-boxed e-con e-parent\" data-id=\"5085d5c5\" data-element_type=\"container\" data-e-type=\"container\">\n\t\t\t\t\t<div class=\"e-con-inner\">\n\t\t\t\t<div class=\"elementor-element elementor-element-94b0453 elementor-widget elementor-widget-text-editor\" data-id=\"94b0453\" data-element_type=\"widget\" data-e-type=\"widget\" data-widget_type=\"text-editor.default\">\n\t\t\t\t\t\t\t\t\t<div><p><span lang=\"EN-GB\">Mosaic on TrustArci privaatsuse haldamise lahenduste usaldusv\u00e4\u00e4rne partner ja volitatud edasim\u00fc\u00fcja. Meie ekspertide meeskond aitab teil valida teie ettev\u00f5tte jaoks sobivad TrustArci vahendid, olenemata sellest, kas vajate hindamisi, n\u00f5uetele vastavust, riskijuhtimist v\u00f5i sertifitseerimislahendusi.<\/span><\/p><\/div><div><p><span lang=\"EN-GB\">TrustArci partnerina on meil juurdep\u00e4\u00e4s uusimatele toodetele ja teenustele, mis tagab teile k\u00f5ige ajakohasemad lahendused. Lisaks sellele v\u00f5imaldab meie tarkvaralitsentside alane p\u00e4devus pakkuda kohandatud lahendusi teie unikaalsetele \u00e4rivajadustele. Oleme uhked kiire hinnapakkumiste koostamise ja tarnimise teenuse \u00fcle, mis tagab, et saate vajalikud lahendused kiiresti kasutusele v\u00f5tta.<\/span><\/p><\/div><div><p><span lang=\"EN-GB\">Mosaic on p\u00fchendunud sellele, et pakkuda oma klientidele parimaid v\u00f5imalikke pakkumisi. TrustArci volitatud edasim\u00fc\u00fcjana pakume konkurentsiv\u00f5imelisi hindu k\u00f5igile TrustArci toodetele ja teenustele. V\u00f5tke meiega juba t\u00e4na \u00fchendust, et saada rohkem teavet meie TrustArci privaatsuse haldamise lahenduste kohta ja selle kohta, kuidas me saame aidata teil oma klientidega usaldust luua.<\/span><\/p><\/div>\t\t\t\t\t\t\t\t<\/div>\n\t\t\t\t\t<\/div>\n\t\t\t\t<\/div>\n\t\t\t\t<section class=\"elementor-section elementor-top-section elementor-element elementor-element-aebe6c1 elementor-section-boxed elementor-section-height-default elementor-section-height-default\" data-id=\"aebe6c1\" data-element_type=\"section\" data-e-type=\"section\">\n\t\t\t\t\t\t<div class=\"elementor-container elementor-column-gap-default\">\n\t\t\t\t\t<div class=\"elementor-column elementor-col-50 elementor-top-column elementor-element elementor-element-26a29a77\" data-id=\"26a29a77\" data-element_type=\"column\" data-e-type=\"column\">\n\t\t\t<div class=\"elementor-widget-wrap\">\n\t\t\t\t\t\t\t<\/div>\n\t\t<\/div>\n\t\t\t\t<div class=\"elementor-column elementor-col-50 elementor-top-column elementor-element elementor-element-1b6e8391\" data-id=\"1b6e8391\" data-element_type=\"column\" data-e-type=\"column\">\n\t\t\t<div class=\"elementor-widget-wrap elementor-element-populated\">\n\t\t\t\t\t\t<div class=\"elementor-element elementor-element-7a1b46e2 elementor-widget elementor-widget-image\" data-id=\"7a1b46e2\" data-element_type=\"widget\" data-e-type=\"widget\" data-widget_type=\"image.default\">\n\t\t\t\t\t\t\t\t\t\t\t\t\t\t\t\t<a href=\"https:\/\/trustarc.com\" target=\"_blank\" rel=\"noopener\">\n\t\t\t\t\t\t\t<img decoding=\"async\" width=\"800\" height=\"311\" src=\"https:\/\/mosaic.ee\/wp-content\/uploads\/2023\/07\/TrustArcConnect-Authorized-Partner-logo-copy-1024x398.png\" class=\"attachment-large size-large wp-image-379\" alt=\"\" srcset=\"https:\/\/mosaic.ee\/wp-content\/uploads\/2023\/07\/TrustArcConnect-Authorized-Partner-logo-copy-1024x398.png 1024w, https:\/\/mosaic.ee\/wp-content\/uploads\/2023\/07\/TrustArcConnect-Authorized-Partner-logo-copy-300x117.png 300w, https:\/\/mosaic.ee\/wp-content\/uploads\/2023\/07\/TrustArcConnect-Authorized-Partner-logo-copy-768x298.png 768w, https:\/\/mosaic.ee\/wp-content\/uploads\/2023\/07\/TrustArcConnect-Authorized-Partner-logo-copy-1536x597.png 1536w, https:\/\/mosaic.ee\/wp-content\/uploads\/2023\/07\/TrustArcConnect-Authorized-Partner-logo-copy.png 1567w\" sizes=\"(max-width: 800px) 100vw, 800px\" \/>\t\t\t\t\t\t\t\t<\/a>\n\t\t\t\t\t\t\t\t\t\t\t\t\t\t\t<\/div>\n\t\t\t\t\t<\/div>\n\t\t<\/div>\n\t\t\t\t\t<\/div>\n\t\t<\/section>\n\t\t\t\t<\/div>","protected":false},"excerpt":{"rendered":"<p>Build Trust with Your Customers using TrustArc Privacy Management Solutions with Mosaic Why TrustArc Software? In today&#8217;s digital world, customer trust is crucial to the success of any business. Customers want to know that their data is safe and that their privacy is being respected. TrustArc is a leading provider of privacy management solutions that [&hellip;]<\/p>\n","protected":false},"author":1,"featured_media":0,"parent":0,"menu_order":0,"comment_status":"closed","ping_status":"closed","template":"","meta":{"content-type":"","footnotes":""},"class_list":["post-1035","page","type-page","status-publish","hentry"],"_links":{"self":[{"href":"https:\/\/mosaic.ee\/et\/wp-json\/wp\/v2\/pages\/1035","targetHints":{"allow":["GET"]}}],"collection":[{"href":"https:\/\/mosaic.ee\/et\/wp-json\/wp\/v2\/pages"}],"about":[{"href":"https:\/\/mosaic.ee\/et\/wp-json\/wp\/v2\/types\/page"}],"author":[{"embeddable":true,"href":"https:\/\/mosaic.ee\/et\/wp-json\/wp\/v2\/users\/1"}],"replies":[{"embeddable":true,"href":"https:\/\/mosaic.ee\/et\/wp-json\/wp\/v2\/comments?post=1035"}],"version-history":[{"count":7,"href":"https:\/\/mosaic.ee\/et\/wp-json\/wp\/v2\/pages\/1035\/revisions"}],"predecessor-version":[{"id":1672,"href":"https:\/\/mosaic.ee\/et\/wp-json\/wp\/v2\/pages\/1035\/revisions\/1672"}],"wp:attachment":[{"href":"https:\/\/mosaic.ee\/et\/wp-json\/wp\/v2\/media?parent=1035"}],"curies":[{"name":"wp","href":"https:\/\/api.w.org\/{rel}","templated":true}]}}