{"id":1020,"date":"2023-08-17T12:18:58","date_gmt":"2023-08-17T09:18:58","guid":{"rendered":"https:\/\/mosaic.ee\/?page_id=1020"},"modified":"2024-06-03T14:56:57","modified_gmt":"2024-06-03T11:56:57","slug":"vastuvoetav","status":"publish","type":"page","link":"https:\/\/mosaic.ee\/et\/tenable\/","title":{"rendered":"Tenable"},"content":{"rendered":"<div data-elementor-type=\"wp-page\" data-elementor-id=\"1020\" class=\"elementor elementor-1020\" data-elementor-post-type=\"page\">\n\t\t\t\t\t\t<section class=\"elementor-section elementor-top-section elementor-element elementor-element-6475d0b elementor-section-boxed elementor-section-height-default elementor-section-height-default\" data-id=\"6475d0b\" data-element_type=\"section\" data-e-type=\"section\">\n\t\t\t\t\t\t<div class=\"elementor-container elementor-column-gap-default\">\n\t\t\t\t\t<div class=\"elementor-column elementor-col-100 elementor-top-column elementor-element elementor-element-2a538fb9\" data-id=\"2a538fb9\" data-element_type=\"column\" data-e-type=\"column\">\n\t\t\t<div class=\"elementor-widget-wrap elementor-element-populated\">\n\t\t\t\t\t\t<div class=\"elementor-element elementor-element-57f45b27 elementor-widget elementor-widget-heading\" data-id=\"57f45b27\" data-element_type=\"widget\" data-e-type=\"widget\" data-widget_type=\"heading.default\">\n\t\t\t\t\t<h2 class=\"elementor-heading-title elementor-size-xl\">Kaitske oma organisatsiooni Tenable'i k\u00fcberturvalisuse lahendustega Mosaicist <\/h2>\t\t\t\t<\/div>\n\t\t\t\t\t<\/div>\n\t\t<\/div>\n\t\t\t\t\t<\/div>\n\t\t<\/section>\n\t\t<div class=\"elementor-element elementor-element-483b63a7 e-flex e-con-boxed e-con e-parent\" data-id=\"483b63a7\" data-element_type=\"container\" data-e-type=\"container\">\n\t\t\t\t\t<div class=\"e-con-inner\">\n\t\t\t\t<div class=\"elementor-element elementor-element-19482d6a elementor-widget elementor-widget-image\" data-id=\"19482d6a\" data-element_type=\"widget\" data-e-type=\"widget\" data-widget_type=\"image.default\">\n\t\t\t\t\t\t\t\t\t\t\t\t\t\t\t<img fetchpriority=\"high\" decoding=\"async\" width=\"768\" height=\"431\" src=\"https:\/\/mosaic.ee\/wp-content\/uploads\/2023\/08\/vectorstock_38451527_transparent-768x431.png\" class=\"attachment-medium_large size-medium_large wp-image-1024\" alt=\"\" srcset=\"https:\/\/mosaic.ee\/wp-content\/uploads\/2023\/08\/vectorstock_38451527_transparent-768x431.png 768w, https:\/\/mosaic.ee\/wp-content\/uploads\/2023\/08\/vectorstock_38451527_transparent-300x168.png 300w, https:\/\/mosaic.ee\/wp-content\/uploads\/2023\/08\/vectorstock_38451527_transparent-1024x575.png 1024w, https:\/\/mosaic.ee\/wp-content\/uploads\/2023\/08\/vectorstock_38451527_transparent-1536x862.png 1536w, https:\/\/mosaic.ee\/wp-content\/uploads\/2023\/08\/vectorstock_38451527_transparent-2048x1150.png 2048w, https:\/\/mosaic.ee\/wp-content\/uploads\/2023\/08\/vectorstock_38451527_transparent-18x10.png 18w\" sizes=\"(max-width: 768px) 100vw, 768px\" \/>\t\t\t\t\t\t\t\t\t\t\t\t\t\t\t<\/div>\n\t\t\t\t\t<\/div>\n\t\t\t\t<\/div>\n\t\t<div class=\"elementor-element elementor-element-5d8688ef e-flex e-con-boxed e-con e-parent\" data-id=\"5d8688ef\" data-element_type=\"container\" data-e-type=\"container\">\n\t\t\t\t\t<div class=\"e-con-inner\">\n\t\t\t\t<div class=\"elementor-element elementor-element-2c080c23 elementor-widget elementor-widget-heading\" data-id=\"2c080c23\" data-element_type=\"widget\" data-e-type=\"widget\" data-widget_type=\"heading.default\">\n\t\t\t\t\t<h2 class=\"elementor-heading-title elementor-size-large\">Miks Tendable tarkvara?<\/h2>\t\t\t\t<\/div>\n\t\t\t\t\t<\/div>\n\t\t\t\t<\/div>\n\t\t<div class=\"elementor-element elementor-element-546dd264 e-flex e-con-boxed e-con e-parent\" data-id=\"546dd264\" data-element_type=\"container\" data-e-type=\"container\">\n\t\t\t\t\t<div class=\"e-con-inner\">\n\t\t\t\t<div class=\"elementor-element elementor-element-402d5724 elementor-widget elementor-widget-text-editor\" data-id=\"402d5724\" data-element_type=\"widget\" data-e-type=\"widget\" data-widget_type=\"text-editor.default\">\n\t\t\t\t\t\t\t\t\t<div><p><span lang=\"EN-GB\">T\u00e4nasel digitaalajastul on k\u00fcberturvalisus iga organisatsiooni jaoks h\u00e4davajalik. Veebilehel <span style=\"color: #3366ff;\"><a style=\"color: #3366ff;\" href=\"https:\/\/www.tenable.com\" target=\"_blank\" rel=\"noopener\">Tenable's<\/a><\/span> k\u00fcberturvalisuse lahenduste abil saate kaitsta oma ettev\u00f5tet k\u00fcberohtude eest ning tagada oma s\u00fcsteemide ja andmete turvalisuse. Tenable pakub terviklikke k\u00fcberturvalisuse lahendusi, mis aitavad teil tuvastada haavatavusi, hallata riske ja j\u00e4rgida valdkonna eeskirju.<\/span><\/p><\/div><div><p><span lang=\"EN-GB\">Tenable'i lahenduste hulka kuuluvad haavatavuste haldamine, konteinerite turvalisus, pilve turvalisus ja veebirakenduste turvalisus. Need lahendused pakuvad laia valikut funktsioone, sealhulgas ohtude tuvastamist, varade avastamist ja riskihindamist, mis teeb neist olulise vahendi igale organisatsioonile, kes soovib olla eesrindlik.<\/span><\/p><\/div><div><p><span lang=\"EN-GB\">Siin on kolm peamist kasu <span style=\"color: #3366ff;\"><a style=\"color: #3366ff;\" href=\"https:\/\/www.tenable.com\" target=\"_blank\" rel=\"noopener\">Tenable's<\/a><\/span> k\u00fcberturvalisuse lahendused:<\/span><\/p><\/div><div><ol><li><span lang=\"EN-GB\">Terviklik haavatavuse haldamine: Tenable'i haavatavuste haldamise lahendused pakuvad reaalajas n\u00e4htavust teie v\u00f5rgus ja l\u00f5pp-punktides, v\u00f5imaldades teil tuvastada ja prioriseerida haavatavusi ning hallata riske t\u00f5husalt. Tenable'i haavatavuste haldamise lahendustega saate v\u00e4hendada oma r\u00fcnnakupinda ja kaitsta k\u00fcberohtude eest.<\/span><\/li><li><span lang=\"EN-GB\">Pilve turvalisus: Tenable'i pilveturvalahendused aitavad teil turvata pilveinfrastruktuuri, tuvastada vigu ja hallata riske. Tenable'i pilveturvalahenduste abil saate tagada, et teie pilvekeskkond on turvaline ja vastab t\u00f6\u00f6stusharu eeskirjadele. <\/span><\/li><li><span lang=\"EN-GB\">Veebirakenduse turvalisus: Tenable'i veebirakenduste turbelahendused pakuvad teie veebirakendustele terviklikku kaitset, mis v\u00f5imaldab teil tuvastada ja k\u00f5rvaldada haavatavused enne, kui neid saab \u00e4ra kasutada. Tenable'i veebirakenduste turbelahendustega saate kaitsta oma ettev\u00f5tet k\u00fcberohtude eest ja tagada, et teie veebirakendused on turvalised.<\/span><\/li><\/ol><\/div>\t\t\t\t\t\t\t\t<\/div>\n\t\t\t\t\t<\/div>\n\t\t\t\t<\/div>\n\t\t\t\t<section class=\"elementor-section elementor-top-section elementor-element elementor-element-21595adb elementor-section-boxed elementor-section-height-default elementor-section-height-default\" data-id=\"21595adb\" data-element_type=\"section\" data-e-type=\"section\">\n\t\t\t\t\t\t<div class=\"elementor-container elementor-column-gap-default\">\n\t\t\t\t\t<div class=\"elementor-column elementor-col-50 elementor-top-column elementor-element elementor-element-70dd5188\" data-id=\"70dd5188\" data-element_type=\"column\" data-e-type=\"column\">\n\t\t\t<div class=\"elementor-widget-wrap\">\n\t\t\t\t\t\t\t<\/div>\n\t\t<\/div>\n\t\t\t\t<div class=\"elementor-column elementor-col-50 elementor-top-column elementor-element elementor-element-5defd339\" data-id=\"5defd339\" data-element_type=\"column\" data-e-type=\"column\">\n\t\t\t<div class=\"elementor-widget-wrap elementor-element-populated\">\n\t\t\t\t\t\t<div class=\"elementor-element elementor-element-2b3e2ac8 elementor-widget elementor-widget-image\" data-id=\"2b3e2ac8\" data-element_type=\"widget\" data-e-type=\"widget\" data-widget_type=\"image.default\">\n\t\t\t\t\t\t\t\t\t\t\t\t\t\t\t\t<a href=\"https:\/\/www.tenable.com\" target=\"_blank\" rel=\"noopener\">\n\t\t\t\t\t\t\t<img decoding=\"async\" width=\"300\" height=\"68\" src=\"https:\/\/mosaic.ee\/wp-content\/uploads\/2023\/08\/Tenable-Logo2021-300x68.png\" class=\"attachment-medium size-medium wp-image-1023\" alt=\"\" srcset=\"https:\/\/mosaic.ee\/wp-content\/uploads\/2023\/08\/Tenable-Logo2021-300x68.png 300w, https:\/\/mosaic.ee\/wp-content\/uploads\/2023\/08\/Tenable-Logo2021-1024x233.png 1024w, https:\/\/mosaic.ee\/wp-content\/uploads\/2023\/08\/Tenable-Logo2021-768x175.png 768w, https:\/\/mosaic.ee\/wp-content\/uploads\/2023\/08\/Tenable-Logo2021-18x4.png 18w, https:\/\/mosaic.ee\/wp-content\/uploads\/2023\/08\/Tenable-Logo2021.png 1515w\" sizes=\"(max-width: 300px) 100vw, 300px\" \/>\t\t\t\t\t\t\t\t<\/a>\n\t\t\t\t\t\t\t\t\t\t\t\t\t\t\t<\/div>\n\t\t\t\t\t<\/div>\n\t\t<\/div>\n\t\t\t\t\t<\/div>\n\t\t<\/section>\n\t\t<div class=\"elementor-element elementor-element-240e6450 e-flex e-con-boxed e-con e-parent\" data-id=\"240e6450\" data-element_type=\"container\" data-e-type=\"container\">\n\t\t\t\t\t<div class=\"e-con-inner\">\n\t\t\t\t<div class=\"elementor-element elementor-element-106876b elementor-widget elementor-widget-heading\" data-id=\"106876b\" data-element_type=\"widget\" data-e-type=\"widget\" data-widget_type=\"heading.default\">\n\t\t\t\t\t<h2 class=\"elementor-heading-title elementor-size-large\">Miks osta Tendable'i Mosaicilt?<\/h2>\t\t\t\t<\/div>\n\t\t\t\t\t<\/div>\n\t\t\t\t<\/div>\n\t\t<div class=\"elementor-element elementor-element-58f58ca1 e-flex e-con-boxed e-con e-parent\" data-id=\"58f58ca1\" data-element_type=\"container\" data-e-type=\"container\">\n\t\t\t\t\t<div class=\"e-con-inner\">\n\t\t\t\t<div class=\"elementor-element elementor-element-479bf55f elementor-widget elementor-widget-text-editor\" data-id=\"479bf55f\" data-element_type=\"widget\" data-e-type=\"widget\" data-widget_type=\"text-editor.default\">\n\t\t\t\t\t\t\t\t\t<div><p><span lang=\"EN-GB\">Mosaic on Tenable'i partner ja Tenable'i k\u00fcberturvalisuse lahenduste volitatud edasim\u00fc\u00fcja. Meie ekspertide meeskond aitab teil valida teie ettev\u00f5tte jaoks sobivad Tenable'i t\u00f6\u00f6riistad, olgu teil siis vaja haavatavuse haldamist, konteinerite turvalisust, pilveturvet v\u00f5i veebirakenduste turbelahendusi.<\/span><\/p><\/div><div><p><span lang=\"EN-GB\">Tenable'i partnerina on meil juurdep\u00e4\u00e4s uusimatele toodetele ja teenustele, mis tagab teile k\u00f5ige ajakohasemad lahendused. Lisaks sellele v\u00f5imaldab meie tarkvaralitsentside alane p\u00e4devus pakkuda kohandatud lahendusi teie unikaalsetele \u00e4rivajadustele. Oleme uhked kiire hinnapakkumiste koostamise ja tarnimise teenuse \u00fcle, mis tagab, et saate kiiresti rakendada vajalikud lahendused.<\/span><\/p><\/div><div><p><span lang=\"EN-GB\">Mosaic on p\u00fchendunud sellele, et pakkuda oma klientidele parimaid v\u00f5imalikke pakkumisi. Tenable'i volitatud edasim\u00fc\u00fcjana pakume konkurentsiv\u00f5imelisi hindu k\u00f5ikidele Tenable'i toodetele ja teenustele. V\u00f5tke meiega juba t\u00e4na \u00fchendust, et saada rohkem teavet Tenable'i k\u00fcberturvalisuse lahenduste kohta ja selle kohta, kuidas me saame aidata teil kaitsta oma organisatsiooni k\u00fcberohtude eest.<\/span><\/p><\/div>\t\t\t\t\t\t\t\t<\/div>\n\t\t\t\t\t<\/div>\n\t\t\t\t<\/div>\n\t\t\t\t<section class=\"elementor-section elementor-top-section elementor-element elementor-element-742afd16 elementor-section-boxed elementor-section-height-default elementor-section-height-default\" data-id=\"742afd16\" data-element_type=\"section\" data-e-type=\"section\">\n\t\t\t\t\t\t<div class=\"elementor-container elementor-column-gap-default\">\n\t\t\t\t\t<div class=\"elementor-column elementor-col-50 elementor-top-column elementor-element elementor-element-14e8c90a\" data-id=\"14e8c90a\" data-element_type=\"column\" data-e-type=\"column\">\n\t\t\t<div class=\"elementor-widget-wrap\">\n\t\t\t\t\t\t\t<\/div>\n\t\t<\/div>\n\t\t\t\t<div class=\"elementor-column elementor-col-50 elementor-top-column elementor-element elementor-element-64b30faa\" data-id=\"64b30faa\" data-element_type=\"column\" data-e-type=\"column\">\n\t\t\t<div class=\"elementor-widget-wrap elementor-element-populated\">\n\t\t\t\t\t\t<div class=\"elementor-element elementor-element-2422e078 elementor-widget elementor-widget-image\" data-id=\"2422e078\" data-element_type=\"widget\" data-e-type=\"widget\" data-widget_type=\"image.default\">\n\t\t\t\t\t\t\t\t\t\t\t\t\t\t\t\t<a href=\"https:\/\/www.tenable.com\" target=\"_blank\" rel=\"noopener\">\n\t\t\t\t\t\t\t<img decoding=\"async\" width=\"800\" height=\"800\" src=\"https:\/\/mosaic.ee\/wp-content\/uploads\/2023\/07\/tenable_partner-1024x1024.png\" class=\"attachment-large size-large wp-image-365\" alt=\"\" srcset=\"https:\/\/mosaic.ee\/wp-content\/uploads\/2023\/07\/tenable_partner-1024x1024.png 1024w, https:\/\/mosaic.ee\/wp-content\/uploads\/2023\/07\/tenable_partner-300x300.png 300w, https:\/\/mosaic.ee\/wp-content\/uploads\/2023\/07\/tenable_partner-150x150.png 150w, https:\/\/mosaic.ee\/wp-content\/uploads\/2023\/07\/tenable_partner-768x768.png 768w, https:\/\/mosaic.ee\/wp-content\/uploads\/2023\/07\/tenable_partner-1536x1536.png 1536w, https:\/\/mosaic.ee\/wp-content\/uploads\/2023\/07\/tenable_partner.png 1728w\" sizes=\"(max-width: 800px) 100vw, 800px\" \/>\t\t\t\t\t\t\t\t<\/a>\n\t\t\t\t\t\t\t\t\t\t\t\t\t\t\t<\/div>\n\t\t\t\t\t<\/div>\n\t\t<\/div>\n\t\t\t\t\t<\/div>\n\t\t<\/section>\n\t\t\t\t<\/div>","protected":false},"excerpt":{"rendered":"<p>Protect Your Organization with Tenable&#8217;s Cybersecurity Solutions from Mosaic Why Tendable Software? In today&#8217;s digital age, cybersecurity is essential for any organization. With Tenable&#8217;s cybersecurity solutions, you can protect your business from cyber threats and ensure your systems and data are secure. Tenable provides comprehensive cybersecurity solutions that can help you identify vulnerabilities, manage risk, [&hellip;]<\/p>\n","protected":false},"author":1,"featured_media":0,"parent":0,"menu_order":0,"comment_status":"closed","ping_status":"closed","template":"","meta":{"content-type":"","footnotes":""},"class_list":["post-1020","page","type-page","status-publish","hentry"],"_links":{"self":[{"href":"https:\/\/mosaic.ee\/et\/wp-json\/wp\/v2\/pages\/1020","targetHints":{"allow":["GET"]}}],"collection":[{"href":"https:\/\/mosaic.ee\/et\/wp-json\/wp\/v2\/pages"}],"about":[{"href":"https:\/\/mosaic.ee\/et\/wp-json\/wp\/v2\/types\/page"}],"author":[{"embeddable":true,"href":"https:\/\/mosaic.ee\/et\/wp-json\/wp\/v2\/users\/1"}],"replies":[{"embeddable":true,"href":"https:\/\/mosaic.ee\/et\/wp-json\/wp\/v2\/comments?post=1020"}],"version-history":[{"count":8,"href":"https:\/\/mosaic.ee\/et\/wp-json\/wp\/v2\/pages\/1020\/revisions"}],"predecessor-version":[{"id":1666,"href":"https:\/\/mosaic.ee\/et\/wp-json\/wp\/v2\/pages\/1020\/revisions\/1666"}],"wp:attachment":[{"href":"https:\/\/mosaic.ee\/et\/wp-json\/wp\/v2\/media?parent=1020"}],"curies":[{"name":"wp","href":"https:\/\/api.w.org\/{rel}","templated":true}]}}