{"id":1007,"date":"2023-08-17T12:07:03","date_gmt":"2023-08-17T09:07:03","guid":{"rendered":"https:\/\/mosaic.ee\/?page_id=1007"},"modified":"2024-03-26T17:43:15","modified_gmt":"2024-03-26T15:43:15","slug":"akustiline","status":"publish","type":"page","link":"https:\/\/mosaic.ee\/et\/acoustic\/","title":{"rendered":"Acoustic"},"content":{"rendered":"<div data-elementor-type=\"wp-page\" data-elementor-id=\"1007\" class=\"elementor elementor-1007\" data-elementor-post-type=\"page\">\n\t\t\t\t\t\t<section class=\"elementor-section elementor-top-section elementor-element elementor-element-2379a20e elementor-section-boxed elementor-section-height-default elementor-section-height-default\" data-id=\"2379a20e\" data-element_type=\"section\" data-e-type=\"section\">\n\t\t\t\t\t\t<div class=\"elementor-container elementor-column-gap-default\">\n\t\t\t\t\t<div class=\"elementor-column elementor-col-100 elementor-top-column elementor-element elementor-element-14b0b97b\" data-id=\"14b0b97b\" data-element_type=\"column\" data-e-type=\"column\">\n\t\t\t<div class=\"elementor-widget-wrap elementor-element-populated\">\n\t\t\t\t\t\t<div class=\"elementor-element elementor-element-5e13fc51 elementor-widget elementor-widget-heading\" data-id=\"5e13fc51\" data-element_type=\"widget\" data-e-type=\"widget\" data-widget_type=\"heading.default\">\n\t\t\t\t\t<h2 class=\"elementor-heading-title elementor-size-xl\">Optimeerige oma turundust Mosaic'i Acoustic lahendustega<\/h2>\t\t\t\t<\/div>\n\t\t\t\t\t<\/div>\n\t\t<\/div>\n\t\t\t\t\t<\/div>\n\t\t<\/section>\n\t\t<div class=\"elementor-element elementor-element-37e175f5 e-flex e-con-boxed e-con e-parent\" data-id=\"37e175f5\" data-element_type=\"container\" data-e-type=\"container\">\n\t\t\t\t\t<div class=\"e-con-inner\">\n\t\t\t\t<div class=\"elementor-element elementor-element-204db4a9 elementor-widget elementor-widget-image\" data-id=\"204db4a9\" data-element_type=\"widget\" data-e-type=\"widget\" data-widget_type=\"image.default\">\n\t\t\t\t\t\t\t\t\t\t\t\t\t\t\t<img fetchpriority=\"high\" decoding=\"async\" width=\"768\" height=\"177\" src=\"https:\/\/mosaic.ee\/wp-content\/uploads\/2023\/08\/vectorstock_37222764_transparent-768x177.png\" class=\"attachment-medium_large size-medium_large wp-image-1010\" alt=\"Interneti-s\u00fcmbol ja \u00fcmbrik\" srcset=\"https:\/\/mosaic.ee\/wp-content\/uploads\/2023\/08\/vectorstock_37222764_transparent-768x177.png 768w, https:\/\/mosaic.ee\/wp-content\/uploads\/2023\/08\/vectorstock_37222764_transparent-300x69.png 300w, https:\/\/mosaic.ee\/wp-content\/uploads\/2023\/08\/vectorstock_37222764_transparent-1024x236.png 1024w, https:\/\/mosaic.ee\/wp-content\/uploads\/2023\/08\/vectorstock_37222764_transparent-1536x354.png 1536w, https:\/\/mosaic.ee\/wp-content\/uploads\/2023\/08\/vectorstock_37222764_transparent-2048x472.png 2048w, https:\/\/mosaic.ee\/wp-content\/uploads\/2023\/08\/vectorstock_37222764_transparent-18x4.png 18w\" sizes=\"(max-width: 768px) 100vw, 768px\" \/>\t\t\t\t\t\t\t\t\t\t\t\t\t\t\t<\/div>\n\t\t\t\t\t<\/div>\n\t\t\t\t<\/div>\n\t\t<div class=\"elementor-element elementor-element-73a7cce4 e-flex e-con-boxed e-con e-parent\" data-id=\"73a7cce4\" data-element_type=\"container\" data-e-type=\"container\">\n\t\t\t\t\t<div class=\"e-con-inner\">\n\t\t\t\t<div class=\"elementor-element elementor-element-57c6d52 elementor-widget elementor-widget-heading\" data-id=\"57c6d52\" data-element_type=\"widget\" data-e-type=\"widget\" data-widget_type=\"heading.default\">\n\t\t\t\t\t<h2 class=\"elementor-heading-title elementor-size-large\">Miks Acoustic tarkvara?<\/h2>\t\t\t\t<\/div>\n\t\t\t\t\t<\/div>\n\t\t\t\t<\/div>\n\t\t<div class=\"elementor-element elementor-element-3794f5a0 e-flex e-con-boxed e-con e-parent\" data-id=\"3794f5a0\" data-element_type=\"container\" data-e-type=\"container\">\n\t\t\t\t\t<div class=\"e-con-inner\">\n\t\t\t\t<div class=\"elementor-element elementor-element-16110757 elementor-widget elementor-widget-text-editor\" data-id=\"16110757\" data-element_type=\"widget\" data-e-type=\"widget\" data-widget_type=\"text-editor.default\">\n\t\t\t\t\t\t\t\t\t<div><p><span lang=\"EN-GB\"><span style=\"color: #3366ff;\"><a style=\"color: #3366ff;\" href=\"https:\/\/acoustic.com\" target=\"_blank\" rel=\"noopener\">Acoustic<\/a><\/span> on juhtiv turundustarkvaralahenduste pakkuja, mis aitab ettev\u00f5tetel optimeerida oma turundusstrateegiaid ja edendada majanduskasvu. Acousticuga saate luua personaliseeritud kampaaniaid, automatiseerida oma turundusprotsesse ja anal\u00fc\u00fcsida tulemusi, et saada teadmisi ja parandada investeeringutasuvust.<\/span><\/p><\/div><div><p><span lang=\"EN-GB\">Acousticu tarkvarapakkumised h\u00f5lmavad e-posti turundust, mobiilturundust, veebi personaliseerimist, turunduse automatiseerimist ja anal\u00fc\u00fctikat, mis muudab selle oluliseks vahendiks ettev\u00f5tetele, kes soovivad konkurentsist ees p\u00fcsida. Acousticuga saate edastada \u00f5ige s\u00f5numi \u00f5igele sihtr\u00fchmale \u00f5igel ajal, suurendades seel\u00e4bi kaasamist ja konversioone.<\/span><\/p><\/div><div><p><span lang=\"EN-GB\">Siin on kolm peamist kasu <span style=\"color: #3366ff;\"><a style=\"color: #3366ff;\" href=\"https:\/\/acoustic.com\" target=\"_blank\" rel=\"noopener\">Acoustic<\/a><\/span> tarkvaralahendused:<\/span><\/p><\/div><div><ol><li><span lang=\"EN-GB\">Isikup\u00e4rastatud kampaaniad: Acousticuga saate luua personaliseeritud kampaaniaid, mis k\u00f5netavad teie sihtr\u00fchma. Alates e-turundusest kuni mobiilsete s\u00f5numite ja veebi personaliseerimiseni pakub Acoustic vahendeid, mida vajate tulemuste saavutamiseks vajalike sihip\u00e4raste s\u00f5numite edastamiseks. <\/span><\/li><li><span lang=\"EN-GB\">Turunduse automatiseerimine: Acoustic'u turunduse automatiseerimise vahendid v\u00f5imaldavad teil automatiseerida oma turundusprotsesse, s\u00e4\u00e4stes aega ja ressursse ning suurendades samal ajal t\u00f5husust. Automatiseeritud t\u00f6\u00f6voogude ja k\u00e4ivitajate abil saate edastada oma sihtr\u00fchmale \u00f5igeaegseid ja asjakohaseid s\u00f5numeid ilma k\u00e4sitsi sekkumiseta.<\/span><\/li><li><span lang=\"EN-GB\">Anal\u00fc\u00fctika: Acousticu anal\u00fc\u00fcsivahendid annavad \u00fclevaate teie turundustulemustest, v\u00f5imaldades teil m\u00f5\u00f5ta oma kampaaniate t\u00f5husust ja teha andmetel p\u00f5hinevaid otsuseid turundusstrateegia optimeerimiseks.<\/span><\/li><\/ol><\/div>\t\t\t\t\t\t\t\t<\/div>\n\t\t\t\t\t<\/div>\n\t\t\t\t<\/div>\n\t\t\t\t<section class=\"elementor-section elementor-top-section elementor-element elementor-element-141e0d44 elementor-section-boxed elementor-section-height-default elementor-section-height-default\" data-id=\"141e0d44\" data-element_type=\"section\" data-e-type=\"section\">\n\t\t\t\t\t\t<div class=\"elementor-container elementor-column-gap-default\">\n\t\t\t\t\t<div class=\"elementor-column elementor-col-50 elementor-top-column elementor-element elementor-element-7ff02707\" data-id=\"7ff02707\" data-element_type=\"column\" data-e-type=\"column\">\n\t\t\t<div class=\"elementor-widget-wrap\">\n\t\t\t\t\t\t\t<\/div>\n\t\t<\/div>\n\t\t\t\t<div class=\"elementor-column elementor-col-50 elementor-top-column elementor-element elementor-element-520ec695\" data-id=\"520ec695\" data-element_type=\"column\" data-e-type=\"column\">\n\t\t\t<div class=\"elementor-widget-wrap elementor-element-populated\">\n\t\t\t\t\t\t<div class=\"elementor-element elementor-element-556c7555 elementor-widget elementor-widget-image\" data-id=\"556c7555\" data-element_type=\"widget\" data-e-type=\"widget\" data-widget_type=\"image.default\">\n\t\t\t\t\t\t\t\t\t\t\t\t\t\t\t\t<a href=\"https:\/\/acoustic.com\" target=\"_blank\" rel=\"noopener\">\n\t\t\t\t\t\t\t<img decoding=\"async\" width=\"300\" height=\"222\" src=\"https:\/\/mosaic.ee\/wp-content\/uploads\/2023\/07\/acoustic-logo-300x222.jpg\" class=\"attachment-medium size-medium wp-image-380\" alt=\"\" srcset=\"https:\/\/mosaic.ee\/wp-content\/uploads\/2023\/07\/acoustic-logo-300x222.jpg 300w, https:\/\/mosaic.ee\/wp-content\/uploads\/2023\/07\/acoustic-logo-768x569.jpg 768w, https:\/\/mosaic.ee\/wp-content\/uploads\/2023\/07\/acoustic-logo.jpg 1000w\" sizes=\"(max-width: 300px) 100vw, 300px\" \/>\t\t\t\t\t\t\t\t<\/a>\n\t\t\t\t\t\t\t\t\t\t\t\t\t\t\t<\/div>\n\t\t\t\t\t<\/div>\n\t\t<\/div>\n\t\t\t\t\t<\/div>\n\t\t<\/section>\n\t\t<div class=\"elementor-element elementor-element-634f9d4 e-flex e-con-boxed e-con e-parent\" data-id=\"634f9d4\" data-element_type=\"container\" data-e-type=\"container\">\n\t\t\t\t\t<div class=\"e-con-inner\">\n\t\t\t\t<div class=\"elementor-element elementor-element-718ec780 elementor-widget elementor-widget-heading\" data-id=\"718ec780\" data-element_type=\"widget\" data-e-type=\"widget\" data-widget_type=\"heading.default\">\n\t\t\t\t\t<h2 class=\"elementor-heading-title elementor-size-large\">Miks osta Acoustic Mosaicilt?<\/h2>\t\t\t\t<\/div>\n\t\t\t\t\t<\/div>\n\t\t\t\t<\/div>\n\t\t<div class=\"elementor-element elementor-element-1a04e103 e-flex e-con-boxed e-con e-parent\" data-id=\"1a04e103\" data-element_type=\"container\" data-e-type=\"container\">\n\t\t\t\t\t<div class=\"e-con-inner\">\n\t\t\t\t<div class=\"elementor-element elementor-element-4e06d073 elementor-widget elementor-widget-text-editor\" data-id=\"4e06d073\" data-element_type=\"widget\" data-e-type=\"widget\" data-widget_type=\"text-editor.default\">\n\t\t\t\t\t\t\t\t\t<div><p><span lang=\"EN-GB\">Mosaic on Acoustic'u partner ja Acoustic'u tarkvaralahenduste volitatud edasim\u00fc\u00fcja. Meie ekspertide meeskond aitab teil valida teie ettev\u00f5ttele sobivad Acousticu t\u00f6\u00f6riistad, olgu teil siis vaja e-posti turundust, mobiiliturundust, veebi personaliseerimist, turunduse automatiseerimist v\u00f5i anal\u00fc\u00fctilisi lahendusi.<\/span><\/p><\/div><div><p><span lang=\"EN-GB\">Akustika partnerina on meil juurdep\u00e4\u00e4s uusimatele toodetele ja teenustele, mis tagab teile k\u00f5ige ajakohasemad lahendused. Lisaks sellele v\u00f5imaldab meie tarkvaralitsentside alane p\u00e4devus pakkuda kohandatud lahendusi teie unikaalsetele \u00e4rivajadustele. Oleme uhked kiire hinnapakkumiste koostamise ja tarnimise teenuse \u00fcle, mis tagab, et saate vajalikud lahendused kiiresti kasutusele v\u00f5tta.<\/span><\/p><\/div><div><p><span lang=\"EN-GB\">Mosaic on p\u00fchendunud sellele, et pakkuda oma klientidele parimaid v\u00f5imalikke pakkumisi. Acoustic'u volitatud edasim\u00fc\u00fcjana pakume konkurentsiv\u00f5imelist hinda k\u00f5ikidele Acoustic'u toodetele ja teenustele. V\u00f5tke meiega juba t\u00e4na \u00fchendust, et saada rohkem teavet meie Acousticu tarkvaralahenduste kohta ja selle kohta, kuidas me saame aidata teil optimeerida oma turundusstrateegiat ja edendada kasvu.<\/span><\/p><\/div>\t\t\t\t\t\t\t\t<\/div>\n\t\t\t\t\t<\/div>\n\t\t\t\t<\/div>\n\t\t\t\t<section class=\"elementor-section elementor-top-section elementor-element elementor-element-7dc86859 elementor-section-boxed elementor-section-height-default elementor-section-height-default\" data-id=\"7dc86859\" data-element_type=\"section\" data-e-type=\"section\">\n\t\t\t\t\t\t<div class=\"elementor-container elementor-column-gap-default\">\n\t\t\t\t\t<div class=\"elementor-column elementor-col-50 elementor-top-column elementor-element elementor-element-191b4514\" data-id=\"191b4514\" data-element_type=\"column\" data-e-type=\"column\">\n\t\t\t<div class=\"elementor-widget-wrap\">\n\t\t\t\t\t\t\t<\/div>\n\t\t<\/div>\n\t\t\t\t<div class=\"elementor-column elementor-col-50 elementor-top-column elementor-element elementor-element-485ace45\" data-id=\"485ace45\" data-element_type=\"column\" data-e-type=\"column\">\n\t\t\t<div class=\"elementor-widget-wrap elementor-element-populated\">\n\t\t\t\t\t\t<div class=\"elementor-element elementor-element-43e458e1 elementor-widget elementor-widget-image\" data-id=\"43e458e1\" data-element_type=\"widget\" data-e-type=\"widget\" data-widget_type=\"image.default\">\n\t\t\t\t\t\t\t\t\t\t\t\t\t\t\t\t<a href=\"https:\/\/acoustic.com\" target=\"_blank\" rel=\"noopener\">\n\t\t\t\t\t\t\t<img decoding=\"async\" width=\"800\" height=\"593\" src=\"https:\/\/mosaic.ee\/wp-content\/uploads\/2023\/07\/acoustic-logo.jpg\" class=\"attachment-large size-large wp-image-380\" alt=\"\" srcset=\"https:\/\/mosaic.ee\/wp-content\/uploads\/2023\/07\/acoustic-logo.jpg 1000w, https:\/\/mosaic.ee\/wp-content\/uploads\/2023\/07\/acoustic-logo-300x222.jpg 300w, https:\/\/mosaic.ee\/wp-content\/uploads\/2023\/07\/acoustic-logo-768x569.jpg 768w\" sizes=\"(max-width: 800px) 100vw, 800px\" \/>\t\t\t\t\t\t\t\t<\/a>\n\t\t\t\t\t\t\t\t\t\t\t\t\t\t\t<\/div>\n\t\t\t\t\t<\/div>\n\t\t<\/div>\n\t\t\t\t\t<\/div>\n\t\t<\/section>\n\t\t\t\t<\/div>","protected":false},"excerpt":{"rendered":"<p>Optimize Your Marketing with Acoustic Solutions from Mosaic Why Acoustic Software? Acoustic is a leading provider of marketing software solutions that help businesses optimize their marketing strategies and drive growth. With Acoustic, you can create personalized campaigns, automate your marketing processes, and analyze your results to gain insights and improve your ROI. Acoustic&#8217;s software offerings [&hellip;]<\/p>\n","protected":false},"author":1,"featured_media":0,"parent":0,"menu_order":0,"comment_status":"closed","ping_status":"closed","template":"","meta":{"content-type":"","footnotes":""},"class_list":["post-1007","page","type-page","status-publish","hentry"],"_links":{"self":[{"href":"https:\/\/mosaic.ee\/et\/wp-json\/wp\/v2\/pages\/1007","targetHints":{"allow":["GET"]}}],"collection":[{"href":"https:\/\/mosaic.ee\/et\/wp-json\/wp\/v2\/pages"}],"about":[{"href":"https:\/\/mosaic.ee\/et\/wp-json\/wp\/v2\/types\/page"}],"author":[{"embeddable":true,"href":"https:\/\/mosaic.ee\/et\/wp-json\/wp\/v2\/users\/1"}],"replies":[{"embeddable":true,"href":"https:\/\/mosaic.ee\/et\/wp-json\/wp\/v2\/comments?post=1007"}],"version-history":[{"count":13,"href":"https:\/\/mosaic.ee\/et\/wp-json\/wp\/v2\/pages\/1007\/revisions"}],"predecessor-version":[{"id":3405,"href":"https:\/\/mosaic.ee\/et\/wp-json\/wp\/v2\/pages\/1007\/revisions\/3405"}],"wp:attachment":[{"href":"https:\/\/mosaic.ee\/et\/wp-json\/wp\/v2\/media?parent=1007"}],"curies":[{"name":"wp","href":"https:\/\/api.w.org\/{rel}","templated":true}]}}